{"id":989100,"date":"2025-11-25T00:46:44","date_gmt":"2025-11-24T23:46:44","guid":{"rendered":"https:\/\/palmira.gal\/product\/bolsa-palmira\/"},"modified":"2026-04-13T18:08:46","modified_gmt":"2026-04-13T16:08:46","slug":"bolsa-palmira","status":"publish","type":"product","link":"https:\/\/palmira.gal\/es\/producto\/bolsa-palmira\/","title":{"rendered":"Tote Bag Palmira"},"content":{"rendered":"<div class=\"vgblk-rw-wrapper limit-wrapper\">\n<p data-start=\"0\" data-end=\"265\">La bolsa Palmira est\u00e1 hecha con una lona resistente de 420 g\/m\u00b2, elaborada con 100 % algod\u00f3n y fibras recicladas en una mezcla equilibrada de algod\u00f3n y poli\u00e9ster (450 g\/m\u00b2).<br data-start=\"173\" data-end=\"176\" \/>Es amplia, c\u00f3moda y pensada para acompa\u00f1arte en el d\u00eda a d\u00eda con estilo y sostenibilidad.<\/p>\n<p data-start=\"267\" data-end=\"431\">Su dise\u00f1o incorpora la I identitaria de Palmira o la fotograf\u00eda hist\u00f3rica de la propia Palmira, convirtiendo cada bolsa en un peque\u00f1o fragmento de nuestra historia.<\/p>\n<p data-start=\"433\" data-end=\"452\"><strong data-start=\"433\" data-end=\"452\">Caracter\u00edsticas<\/strong><\/p>\n<ul data-start=\"454\" data-end=\"713\">\n<li data-section-id=\"miz8t5\" data-start=\"454\" data-end=\"498\">Material: lona de alta densidad 420 g\/m\u00b2<\/li>\n<li data-section-id=\"100xs46\" data-start=\"499\" data-end=\"573\">Composici\u00f3n: 100 % algod\u00f3n con fibras recicladas (algod\u00f3n + poli\u00e9ster)<\/li>\n<li data-section-id=\"5gm6ov\" data-start=\"574\" data-end=\"601\">Tama\u00f1o: 50 \u00d7 40 \u00d7 14 cm<\/li>\n<li data-section-id=\"y1404x\" data-start=\"602\" data-end=\"650\">Asa larga: 66 \u00d7 3,5 cm para llevar al hombro<\/li>\n<li data-section-id=\"1bs2uqz\" data-start=\"651\" data-end=\"713\">Sostenible: materiales reciclados y producci\u00f3n responsable<\/li>\n<\/ul>\n<p data-start=\"715\" data-end=\"814\" data-is-last-node=\"\" data-is-only-node=\"\">Ligera, duradera y con personalidad, es la compa\u00f1era perfecta para compras, escapadas o uso diario.<\/p>\n<\/div>\n<p><!-- .vgblk-rw-wrapper --><\/p>\n","protected":false},"excerpt":{"rendered":"<p>Bolsa de lona resistente hecha con algod\u00f3n y fibras recicladas (420\u2013450 g\/m\u00b2). Amplia, c\u00f3moda y sostenible, con tama\u00f1o de 50 \u00d7 40 \u00d7 14 cm y asas largas de 66 \u00d7 3,5 cm para llevar al hombro. Un dise\u00f1o Palmira con historia y car\u00e1cter.<\/p>\n","protected":false},"featured_media":989102,"template":"","meta":[],"product_brand":[],"product_cat":[73],"product_tag":[],"class_list":{"0":"post-989100","1":"product","2":"type-product","3":"status-publish","4":"has-post-thumbnail","6":"product_cat-accesorios","8":"first","9":"instock","10":"taxable","11":"shipping-taxable","12":"purchasable","13":"product-type-simple"},"yoast_head":"<!-- This site is optimized with the Yoast SEO plugin v27.3 - https:\/\/yoast.com\/product\/yoast-seo-wordpress\/ -->\n<title>Palmira | Licor Caf\u00e9<\/title>\n<meta name=\"description\" content=\"Bolsa Palmira reutilizable con dese\u00f1o da marca. Ideal para acompa\u00f1ar o licor caf\u00e9 Palmira, resistente, pr\u00e1ctica e perfecta para agasallo.\" \/>\n<meta name=\"robots\" content=\"index, follow, max-snippet:-1, max-image-preview:large, max-video-preview:-1\" \/>\n<link rel=\"canonical\" href=\"https:\/\/palmira.gal\/es\/producto\/bolsa-palmira\/\" \/>\n<meta property=\"og:locale\" content=\"es_ES\" \/>\n<meta property=\"og:type\" content=\"article\" \/>\n<meta property=\"og:title\" content=\"Palmira | Licor Caf\u00e9\" \/>\n<meta property=\"og:description\" content=\"Bolsa Palmira reutilizable con dese\u00f1o da marca. Ideal para acompa\u00f1ar o licor caf\u00e9 Palmira, resistente, pr\u00e1ctica e perfecta para agasallo.\" \/>\n<meta property=\"og:url\" content=\"https:\/\/palmira.gal\/es\/producto\/bolsa-palmira\/\" \/>\n<meta property=\"og:site_name\" content=\"Palmira\" \/>\n<meta property=\"article:modified_time\" content=\"2026-04-13T16:08:46+00:00\" \/>\n<meta property=\"og:image\" content=\"https:\/\/palmira.gal\/wp-content\/uploads\/2025\/11\/PALMIRA_A_037-1024x683.jpg\" \/>\n<meta name=\"twitter:card\" content=\"summary_large_image\" \/>\n<meta name=\"twitter:label1\" content=\"Tiempo de lectura\" \/>\n\t<meta name=\"twitter:data1\" content=\"1 minuto\" \/>\n<script type=\"application\/ld+json\" class=\"yoast-schema-graph\">{\"@context\":\"https:\\\/\\\/schema.org\",\"@graph\":[{\"@type\":\"WebPage\",\"@id\":\"https:\\\/\\\/palmira.gal\\\/es\\\/producto\\\/bolsa-palmira\\\/\",\"url\":\"https:\\\/\\\/palmira.gal\\\/es\\\/producto\\\/bolsa-palmira\\\/\",\"name\":\"Palmira | Licor Caf\u00e9\",\"isPartOf\":{\"@id\":\"https:\\\/\\\/palmira.gal\\\/#website\"},\"primaryImageOfPage\":{\"@id\":\"https:\\\/\\\/palmira.gal\\\/es\\\/producto\\\/bolsa-palmira\\\/#primaryimage\"},\"image\":{\"@id\":\"https:\\\/\\\/palmira.gal\\\/es\\\/producto\\\/bolsa-palmira\\\/#primaryimage\"},\"thumbnailUrl\":\"https:\\\/\\\/palmira.gal\\\/wp-content\\\/uploads\\\/2025\\\/11\\\/PALMIRA_A_037-1-scaled.jpg\",\"datePublished\":\"2025-11-24T23:46:44+00:00\",\"dateModified\":\"2026-04-13T16:08:46+00:00\",\"description\":\"Bolsa Palmira reutilizable con dese\u00f1o da marca. Ideal para acompa\u00f1ar o licor caf\u00e9 Palmira, resistente, pr\u00e1ctica e perfecta para agasallo.\",\"breadcrumb\":{\"@id\":\"https:\\\/\\\/palmira.gal\\\/es\\\/producto\\\/bolsa-palmira\\\/#breadcrumb\"},\"inLanguage\":\"es\",\"potentialAction\":[{\"@type\":\"ReadAction\",\"target\":[\"https:\\\/\\\/palmira.gal\\\/es\\\/producto\\\/bolsa-palmira\\\/\"]}]},{\"@type\":\"ImageObject\",\"inLanguage\":\"es\",\"@id\":\"https:\\\/\\\/palmira.gal\\\/es\\\/producto\\\/bolsa-palmira\\\/#primaryimage\",\"url\":\"https:\\\/\\\/palmira.gal\\\/wp-content\\\/uploads\\\/2025\\\/11\\\/PALMIRA_A_037-1-scaled.jpg\",\"contentUrl\":\"https:\\\/\\\/palmira.gal\\\/wp-content\\\/uploads\\\/2025\\\/11\\\/PALMIRA_A_037-1-scaled.jpg\",\"width\":2560,\"height\":1707},{\"@type\":\"BreadcrumbList\",\"@id\":\"https:\\\/\\\/palmira.gal\\\/es\\\/producto\\\/bolsa-palmira\\\/#breadcrumb\",\"itemListElement\":[{\"@type\":\"ListItem\",\"position\":1,\"name\":\"Inicio\",\"item\":\"https:\\\/\\\/palmira.gal\\\/es\\\/\"},{\"@type\":\"ListItem\",\"position\":2,\"name\":\"Tienda\",\"item\":\"https:\\\/\\\/palmira.gal\\\/es\\\/tienda\\\/\"},{\"@type\":\"ListItem\",\"position\":3,\"name\":\"Tote Bag Palmira\"}]},{\"@type\":\"WebSite\",\"@id\":\"https:\\\/\\\/palmira.gal\\\/#website\",\"url\":\"https:\\\/\\\/palmira.gal\\\/\",\"name\":\"Palmira\",\"description\":\"Licor Caf\u00e9\",\"potentialAction\":[{\"@type\":\"SearchAction\",\"target\":{\"@type\":\"EntryPoint\",\"urlTemplate\":\"https:\\\/\\\/palmira.gal\\\/?s={search_term_string}\"},\"query-input\":{\"@type\":\"PropertyValueSpecification\",\"valueRequired\":true,\"valueName\":\"search_term_string\"}}],\"inLanguage\":\"es\"}]}<\/script>\n<!-- \/ Yoast SEO plugin. -->","yoast_head_json":{"title":"Palmira | Licor Caf\u00e9","description":"Bolsa Palmira reutilizable con dese\u00f1o da marca. Ideal para acompa\u00f1ar o licor caf\u00e9 Palmira, resistente, pr\u00e1ctica e perfecta para agasallo.","robots":{"index":"index","follow":"follow","max-snippet":"max-snippet:-1","max-image-preview":"max-image-preview:large","max-video-preview":"max-video-preview:-1"},"canonical":"https:\/\/palmira.gal\/es\/producto\/bolsa-palmira\/","og_locale":"es_ES","og_type":"article","og_title":"Palmira | Licor Caf\u00e9","og_description":"Bolsa Palmira reutilizable con dese\u00f1o da marca. Ideal para acompa\u00f1ar o licor caf\u00e9 Palmira, resistente, pr\u00e1ctica e perfecta para agasallo.","og_url":"https:\/\/palmira.gal\/es\/producto\/bolsa-palmira\/","og_site_name":"Palmira","article_modified_time":"2026-04-13T16:08:46+00:00","og_image":[{"url":"https:\/\/palmira.gal\/wp-content\/uploads\/2025\/11\/PALMIRA_A_037-1024x683.jpg","type":"","width":"","height":""}],"twitter_card":"summary_large_image","twitter_misc":{"Tiempo de lectura":"1 minuto"},"schema":{"@context":"https:\/\/schema.org","@graph":[{"@type":"WebPage","@id":"https:\/\/palmira.gal\/es\/producto\/bolsa-palmira\/","url":"https:\/\/palmira.gal\/es\/producto\/bolsa-palmira\/","name":"Palmira | Licor Caf\u00e9","isPartOf":{"@id":"https:\/\/palmira.gal\/#website"},"primaryImageOfPage":{"@id":"https:\/\/palmira.gal\/es\/producto\/bolsa-palmira\/#primaryimage"},"image":{"@id":"https:\/\/palmira.gal\/es\/producto\/bolsa-palmira\/#primaryimage"},"thumbnailUrl":"https:\/\/palmira.gal\/wp-content\/uploads\/2025\/11\/PALMIRA_A_037-1-scaled.jpg","datePublished":"2025-11-24T23:46:44+00:00","dateModified":"2026-04-13T16:08:46+00:00","description":"Bolsa Palmira reutilizable con dese\u00f1o da marca. Ideal para acompa\u00f1ar o licor caf\u00e9 Palmira, resistente, pr\u00e1ctica e perfecta para agasallo.","breadcrumb":{"@id":"https:\/\/palmira.gal\/es\/producto\/bolsa-palmira\/#breadcrumb"},"inLanguage":"es","potentialAction":[{"@type":"ReadAction","target":["https:\/\/palmira.gal\/es\/producto\/bolsa-palmira\/"]}]},{"@type":"ImageObject","inLanguage":"es","@id":"https:\/\/palmira.gal\/es\/producto\/bolsa-palmira\/#primaryimage","url":"https:\/\/palmira.gal\/wp-content\/uploads\/2025\/11\/PALMIRA_A_037-1-scaled.jpg","contentUrl":"https:\/\/palmira.gal\/wp-content\/uploads\/2025\/11\/PALMIRA_A_037-1-scaled.jpg","width":2560,"height":1707},{"@type":"BreadcrumbList","@id":"https:\/\/palmira.gal\/es\/producto\/bolsa-palmira\/#breadcrumb","itemListElement":[{"@type":"ListItem","position":1,"name":"Inicio","item":"https:\/\/palmira.gal\/es\/"},{"@type":"ListItem","position":2,"name":"Tienda","item":"https:\/\/palmira.gal\/es\/tienda\/"},{"@type":"ListItem","position":3,"name":"Tote Bag Palmira"}]},{"@type":"WebSite","@id":"https:\/\/palmira.gal\/#website","url":"https:\/\/palmira.gal\/","name":"Palmira","description":"Licor Caf\u00e9","potentialAction":[{"@type":"SearchAction","target":{"@type":"EntryPoint","urlTemplate":"https:\/\/palmira.gal\/?s={search_term_string}"},"query-input":{"@type":"PropertyValueSpecification","valueRequired":true,"valueName":"search_term_string"}}],"inLanguage":"es"}]}},"_links":{"self":[{"href":"https:\/\/palmira.gal\/es\/wp-json\/wp\/v2\/product\/989100","targetHints":{"allow":["GET"]}}],"collection":[{"href":"https:\/\/palmira.gal\/es\/wp-json\/wp\/v2\/product"}],"about":[{"href":"https:\/\/palmira.gal\/es\/wp-json\/wp\/v2\/types\/product"}],"version-history":[{"count":2,"href":"https:\/\/palmira.gal\/es\/wp-json\/wp\/v2\/product\/989100\/revisions"}],"predecessor-version":[{"id":989157,"href":"https:\/\/palmira.gal\/es\/wp-json\/wp\/v2\/product\/989100\/revisions\/989157"}],"wp:featuredmedia":[{"embeddable":true,"href":"https:\/\/palmira.gal\/es\/wp-json\/wp\/v2\/media\/989102"}],"wp:attachment":[{"href":"https:\/\/palmira.gal\/es\/wp-json\/wp\/v2\/media?parent=989100"}],"wp:term":[{"taxonomy":"product_brand","embeddable":true,"href":"https:\/\/palmira.gal\/es\/wp-json\/wp\/v2\/product_brand?post=989100"},{"taxonomy":"product_cat","embeddable":true,"href":"https:\/\/palmira.gal\/es\/wp-json\/wp\/v2\/product_cat?post=989100"},{"taxonomy":"product_tag","embeddable":true,"href":"https:\/\/palmira.gal\/es\/wp-json\/wp\/v2\/product_tag?post=989100"}],"curies":[{"name":"wp","href":"https:\/\/api.w.org\/{rel}","templated":true}]}}