{"id":989094,"date":"2025-12-12T16:40:10","date_gmt":"2025-12-12T15:40:10","guid":{"rendered":"https:\/\/palmira.gal\/product\/licor-cafe-palmira-pack-de-2-botellas\/"},"modified":"2026-04-13T19:28:24","modified_gmt":"2026-04-13T17:28:24","slug":"licor-cafe-palmira-pack-de-2-botellas","status":"publish","type":"product","link":"https:\/\/palmira.gal\/es\/producto\/licor-cafe-palmira-pack-de-2-botellas\/","title":{"rendered":"Licor Caf\u00e9 Palmira Pack de 2 botellas"},"content":{"rendered":"\t\t<div data-elementor-type=\"product-post\" data-elementor-id=\"989094\" class=\"elementor elementor-989094 elementor-988278\" data-elementor-post-type=\"product\">\n\t\t\t\t\t\t<section class=\"elementor-section elementor-top-section elementor-element elementor-element-a31d5c4 elementor-section-boxed elementor-section-height-default elementor-section-height-default\" data-id=\"a31d5c4\" data-element_type=\"section\">\n\t\t\t\t\t\t<div class=\"elementor-container elementor-column-gap-default\">\n\t\t\t\t\t<div class=\"elementor-column elementor-col-100 elementor-top-column elementor-element elementor-element-9166fcc\" data-id=\"9166fcc\" data-element_type=\"column\">\n\t\t\t<div class=\"elementor-widget-wrap elementor-element-populated\">\n\t\t\t\t\t\t<div class=\"elementor-element elementor-element-660f40e elementor-widget elementor-widget-text-editor\" data-id=\"660f40e\" data-element_type=\"widget\" data-widget_type=\"text-editor.default\">\n\t\t\t\t<div class=\"elementor-widget-container\">\n\t\t\t\t\t\t\t\t\t<p class=\"p1\"><span class=\"s1\"><b>Elaborado<\/b>: Berta Fontan Freijeiro<\/span><\/p><p class=\"p1\"><span class=\"s1\"><b>Zona<\/b>: Ourense<\/span><\/p><p class=\"p1\"><span class=\"s1\">Vol.-32% &#8211; 70cl<\/span><\/p>\t\t\t\t\t\t\t\t<\/div>\n\t\t\t\t<\/div>\n\t\t\t\t<div class=\"elementor-element elementor-element-3429f74 accordion-line elementor-widget elementor-widget-n-accordion\" data-id=\"3429f74\" data-element_type=\"widget\" data-settings=\"{&quot;default_state&quot;:&quot;expanded&quot;,&quot;max_items_expended&quot;:&quot;one&quot;,&quot;n_accordion_animation_duration&quot;:{&quot;unit&quot;:&quot;ms&quot;,&quot;size&quot;:400,&quot;sizes&quot;:[]}}\" data-widget_type=\"nested-accordion.default\">\n\t\t\t\t<div class=\"elementor-widget-container\">\n\t\t\t\t\t\t\t<div class=\"e-n-accordion\" aria-label=\"Accordion. Open links with Enter or Space, close with Escape, and navigate with Arrow Keys\">\n\t\t\t\t\t\t<details id=\"e-n-accordion-item-5460\" class=\"e-n-accordion-item\" open>\n\t\t\t\t<summary class=\"e-n-accordion-item-title\" data-accordion-index=\"1\" tabindex=\"0\" aria-expanded=\"true\" aria-controls=\"e-n-accordion-item-5460\" >\n\t\t\t\t\t<span class='e-n-accordion-item-title-header'><div class=\"e-n-accordion-item-title-text\"> Elaboraci\u00f3n <\/div><\/span>\n\t\t\t\t\t\t\t<span class='e-n-accordion-item-title-icon'>\n\t\t\t<span class='e-opened' ><i aria-hidden=\"true\" class=\"fas fa-arrow-down\"><\/i><\/span>\n\t\t\t<span class='e-closed'><i aria-hidden=\"true\" class=\"fas fa-arrow-right\"><\/i><\/span>\n\t\t<\/span>\n\n\t\t\t\t\t\t<\/summary>\n\t\t\t\t<div role=\"region\" aria-labelledby=\"e-n-accordion-item-5460\" class=\"elementor-element elementor-element-f24abc6 e-con-full e-flex e-con e-child\" data-id=\"f24abc6\" data-element_type=\"container\">\n\t\t<div role=\"region\" aria-labelledby=\"e-n-accordion-item-5460\" class=\"elementor-element elementor-element-143c1b4 e-con-full e-flex e-con e-child\" data-id=\"143c1b4\" data-element_type=\"container\">\n\t\t\t\t<div class=\"elementor-element elementor-element-6c40348 elementor-widget elementor-widget-text-editor\" data-id=\"6c40348\" data-element_type=\"widget\" data-widget_type=\"text-editor.default\">\n\t\t\t\t<div class=\"elementor-widget-container\">\n\t\t\t\t\t\t\t\t\t<p data-start=\"0\" data-end=\"616\">La receta que da vida a Palmira hoy en d\u00eda es un legado familiar, transmitido de generaci\u00f3n en generaci\u00f3n, perfeccionado con dedicaci\u00f3n y amor por la tradici\u00f3n. Palmira no es solo un licor; es una experiencia que conecta pasado, presente y futuro en cada sorbo. Cada botella de Palmira se elabora cuidadosamente con tres ingredientes esenciales que capturan la esencia de Galicia: caf\u00e9 de alta calidad, en infusi\u00f3n lenta para extraer su aroma y cuerpo caracter\u00edsticos; aguardiente de origen natural, que proporciona el equilibrio perfecto; y az\u00facar en la proporci\u00f3n justa para crear una mezcla armoniosa y aut\u00e9ntica.<\/p><p data-start=\"618\" data-end=\"956\" data-is-last-node=\"\" data-is-only-node=\"\">En Palmira, no solo nos preocupamos por el contenido, sino tambi\u00e9n por el impacto que tenemos en el mundo. Por eso, cada botella y su tap\u00f3n est\u00e1n hechos con materiales reciclados. Las peque\u00f1as imperfecciones en el embalaje no son defectos, sino un testimonio de nuestro compromiso con la sostenibilidad y el respeto por el medio ambiente.<\/p>\t\t\t\t\t\t\t\t<\/div>\n\t\t\t\t<\/div>\n\t\t\t\t<\/div>\n\t\t\t\t<\/div>\n\t\t\t\t\t<\/details>\n\t\t\t\t\t\t<details id=\"e-n-accordion-item-5461\" class=\"e-n-accordion-item\" >\n\t\t\t\t<summary class=\"e-n-accordion-item-title\" data-accordion-index=\"2\" tabindex=\"-1\" aria-expanded=\"false\" aria-controls=\"e-n-accordion-item-5461\" >\n\t\t\t\t\t<span class='e-n-accordion-item-title-header'><div class=\"e-n-accordion-item-title-text\"> BOTELLA <\/div><\/span>\n\t\t\t\t\t\t\t<span class='e-n-accordion-item-title-icon'>\n\t\t\t<span class='e-opened' ><i aria-hidden=\"true\" class=\"fas fa-arrow-down\"><\/i><\/span>\n\t\t\t<span class='e-closed'><i aria-hidden=\"true\" class=\"fas fa-arrow-right\"><\/i><\/span>\n\t\t<\/span>\n\n\t\t\t\t\t\t<\/summary>\n\t\t\t\t<div role=\"region\" aria-labelledby=\"e-n-accordion-item-5461\" class=\"elementor-element elementor-element-580f67f e-con-full e-flex e-con e-child\" data-id=\"580f67f\" data-element_type=\"container\">\n\t\t<div role=\"region\" aria-labelledby=\"e-n-accordion-item-5461\" class=\"elementor-element elementor-element-9ded137 e-con-full e-flex e-con e-child\" data-id=\"9ded137\" data-element_type=\"container\">\n\t\t\t\t<div class=\"elementor-element elementor-element-b3365aa elementor-widget elementor-widget-text-editor\" data-id=\"b3365aa\" data-element_type=\"widget\" data-widget_type=\"text-editor.default\">\n\t\t\t\t<div class=\"elementor-widget-container\">\n\t\t\t\t\t\t\t\t\t<p data-start=\"0\" data-end=\"376\">Palmira se presenta en esta botella hecha \u00edntegramente con vidrio reciclado posconsumo que ha vivido mil vidas. Cada botella est\u00e1 elaborada con vidrio que antes formaba parte de otras botellas, ventanas u objetos de vidrio cotidianos, que vuelven al horno para comenzar una nueva vida. No se emplean colorantes adicionales, lo que garantiza una apariencia natural y aut\u00e9ntica.<\/p><p data-start=\"378\" data-end=\"706\" data-is-last-node=\"\" data-is-only-node=\"\">Esta botella acepta las imperfecciones como una marca de autenticidad. Estos defectos naturales son el resultado de su proceso de producci\u00f3n y hacen que cada botella sea \u00fanica, reduciendo los residuos al eliminar la necesidad de moldes perfectos. Cada botella cuenta su propia historia, creando un producto verdaderamente \u00fanico.<\/p>\t\t\t\t\t\t\t\t<\/div>\n\t\t\t\t<\/div>\n\t\t\t\t<\/div>\n\t\t\t\t<\/div>\n\t\t\t\t\t<\/details>\n\t\t\t\t\t\t<details id=\"e-n-accordion-item-5462\" class=\"e-n-accordion-item\" >\n\t\t\t\t<summary class=\"e-n-accordion-item-title\" data-accordion-index=\"3\" tabindex=\"-1\" aria-expanded=\"false\" aria-controls=\"e-n-accordion-item-5462\" >\n\t\t\t\t\t<span class='e-n-accordion-item-title-header'><div class=\"e-n-accordion-item-title-text\"> CORCHO <\/div><\/span>\n\t\t\t\t\t\t\t<span class='e-n-accordion-item-title-icon'>\n\t\t\t<span class='e-opened' ><i aria-hidden=\"true\" class=\"fas fa-arrow-down\"><\/i><\/span>\n\t\t\t<span class='e-closed'><i aria-hidden=\"true\" class=\"fas fa-arrow-right\"><\/i><\/span>\n\t\t<\/span>\n\n\t\t\t\t\t\t<\/summary>\n\t\t\t\t<div role=\"region\" aria-labelledby=\"e-n-accordion-item-5462\" class=\"elementor-element elementor-element-425969a e-con-full e-flex e-con e-child\" data-id=\"425969a\" data-element_type=\"container\">\n\t\t<div role=\"region\" aria-labelledby=\"e-n-accordion-item-5462\" class=\"elementor-element elementor-element-0daeb90 e-con-full e-flex e-con e-child\" data-id=\"0daeb90\" data-element_type=\"container\">\n\t\t\t\t<div class=\"elementor-element elementor-element-6b7ec2c elementor-widget__width-initial elementor-widget elementor-widget-text-editor\" data-id=\"6b7ec2c\" data-element_type=\"widget\" data-widget_type=\"text-editor.default\">\n\t\t\t\t<div class=\"elementor-widget-container\">\n\t\t\t\t\t\t\t\t\t<p data-start=\"0\" data-end=\"334\">At Palmira, every detail matters. Our commitment to sustainability and respect for the environment is as strong as the flavor of our coffee liqueur. That\u2019s why we use a stopper made from a combination of cork and activated carbon, which reduces industrial processes and carbon footprint, while also improving organoleptic performance.<\/p><p data-start=\"336\" data-end=\"573\" data-is-last-node=\"\" data-is-only-node=\"\">In terms of sustainability, it reduces waste and raw material residues without sacrificing quality, as the industrial processes for washing cork are minimized and no chemical bleaches are used. As a result, its carbon footprint is lower.<\/p>\t\t\t\t\t\t\t\t<\/div>\n\t\t\t\t<\/div>\n\t\t\t\t<\/div>\n\t\t\t\t<\/div>\n\t\t\t\t\t<\/details>\n\t\t\t\t\t<\/div>\n\t\t\t\t\t\t<\/div>\n\t\t\t\t<\/div>\n\t\t\t\t\t<\/div>\n\t\t<\/div>\n\t\t\t\t\t<\/div>\n\t\t<\/section>\n\t\t\t\t<\/div>\n\t\t","protected":false},"excerpt":{"rendered":"<p>Palmira es un licor caf\u00e9 que nace de un legado familiar y de una elaboraci\u00f3n cuidada. Combina caf\u00e9 de alta calidad en infusi\u00f3n lenta, aguardiente natural y el dulzor justo para un sabor aut\u00e9ntico y equilibrado.<\/p>\n","protected":false},"featured_media":989096,"template":"","meta":[],"product_brand":[],"product_cat":[71],"product_tag":[],"class_list":{"0":"post-989094","1":"product","2":"type-product","3":"status-publish","4":"has-post-thumbnail","6":"product_cat-licor","8":"first","9":"instock","10":"taxable","11":"shipping-taxable","12":"purchasable","13":"product-type-simple"},"yoast_head":"<!-- This site is optimized with the Yoast SEO plugin v27.3 - https:\/\/yoast.com\/product\/yoast-seo-wordpress\/ -->\n<title>Palmira | Licor Caf\u00e9<\/title>\n<meta name=\"description\" content=\"Pack de 2 botellas de Licor Caf\u00e9 Palmira artesanal galego. Elaborado con caf\u00e9 de alta calidade e augardente natural, produci\u00f3n limitada e sabor aut\u00e9ntico.\" \/>\n<meta name=\"robots\" content=\"index, follow, max-snippet:-1, max-image-preview:large, max-video-preview:-1\" \/>\n<link rel=\"canonical\" href=\"https:\/\/palmira.gal\/en\/product\/licor-cafe-palmira-pack-de-2-botellas\/\" \/>\n<meta property=\"og:locale\" content=\"es_ES\" \/>\n<meta property=\"og:type\" content=\"article\" \/>\n<meta property=\"og:title\" content=\"Palmira | Licor Caf\u00e9\" \/>\n<meta property=\"og:description\" content=\"Pack de 2 botellas de Licor Caf\u00e9 Palmira artesanal galego. Elaborado con caf\u00e9 de alta calidade e augardente natural, produci\u00f3n limitada e sabor aut\u00e9ntico.\" \/>\n<meta property=\"og:url\" content=\"https:\/\/palmira.gal\/en\/product\/licor-cafe-palmira-pack-de-2-botellas\/\" \/>\n<meta property=\"og:site_name\" content=\"Palmira\" \/>\n<meta property=\"article:modified_time\" content=\"2026-04-13T17:28:24+00:00\" \/>\n<meta property=\"og:image\" content=\"https:\/\/palmira.gal\/wp-content\/uploads\/2025\/12\/PALMIRA_A_012-1-1024x683.jpg\" \/>\n<meta name=\"twitter:card\" content=\"summary_large_image\" \/>\n<script type=\"application\/ld+json\" class=\"yoast-schema-graph\">{\"@context\":\"https:\\\/\\\/schema.org\",\"@graph\":[{\"@type\":\"WebPage\",\"@id\":\"https:\\\/\\\/palmira.gal\\\/en\\\/product\\\/licor-cafe-palmira-pack-de-2-botellas\\\/\",\"url\":\"https:\\\/\\\/palmira.gal\\\/en\\\/product\\\/licor-cafe-palmira-pack-de-2-botellas\\\/\",\"name\":\"Palmira | Licor Caf\u00e9\",\"isPartOf\":{\"@id\":\"https:\\\/\\\/palmira.gal\\\/#website\"},\"primaryImageOfPage\":{\"@id\":\"https:\\\/\\\/palmira.gal\\\/en\\\/product\\\/licor-cafe-palmira-pack-de-2-botellas\\\/#primaryimage\"},\"image\":{\"@id\":\"https:\\\/\\\/palmira.gal\\\/en\\\/product\\\/licor-cafe-palmira-pack-de-2-botellas\\\/#primaryimage\"},\"thumbnailUrl\":\"https:\\\/\\\/palmira.gal\\\/wp-content\\\/uploads\\\/2025\\\/12\\\/PALMIRA_A_012-2-scaled.jpg\",\"datePublished\":\"2025-12-12T15:40:10+00:00\",\"dateModified\":\"2026-04-13T17:28:24+00:00\",\"description\":\"Pack de 2 botellas de Licor Caf\u00e9 Palmira artesanal galego. Elaborado con caf\u00e9 de alta calidade e augardente natural, produci\u00f3n limitada e sabor aut\u00e9ntico.\",\"breadcrumb\":{\"@id\":\"https:\\\/\\\/palmira.gal\\\/en\\\/product\\\/licor-cafe-palmira-pack-de-2-botellas\\\/#breadcrumb\"},\"inLanguage\":\"es\",\"potentialAction\":[{\"@type\":\"ReadAction\",\"target\":[\"https:\\\/\\\/palmira.gal\\\/en\\\/product\\\/licor-cafe-palmira-pack-de-2-botellas\\\/\"]}]},{\"@type\":\"ImageObject\",\"inLanguage\":\"es\",\"@id\":\"https:\\\/\\\/palmira.gal\\\/en\\\/product\\\/licor-cafe-palmira-pack-de-2-botellas\\\/#primaryimage\",\"url\":\"https:\\\/\\\/palmira.gal\\\/wp-content\\\/uploads\\\/2025\\\/12\\\/PALMIRA_A_012-2-scaled.jpg\",\"contentUrl\":\"https:\\\/\\\/palmira.gal\\\/wp-content\\\/uploads\\\/2025\\\/12\\\/PALMIRA_A_012-2-scaled.jpg\",\"width\":2560,\"height\":1707},{\"@type\":\"BreadcrumbList\",\"@id\":\"https:\\\/\\\/palmira.gal\\\/en\\\/product\\\/licor-cafe-palmira-pack-de-2-botellas\\\/#breadcrumb\",\"itemListElement\":[{\"@type\":\"ListItem\",\"position\":1,\"name\":\"Inicio\",\"item\":\"https:\\\/\\\/palmira.gal\\\/es\\\/\"},{\"@type\":\"ListItem\",\"position\":2,\"name\":\"Tienda\",\"item\":\"https:\\\/\\\/palmira.gal\\\/es\\\/tienda\\\/\"},{\"@type\":\"ListItem\",\"position\":3,\"name\":\"Licor Caf\u00e9 Palmira Pack de 2 botellas\"}]},{\"@type\":\"WebSite\",\"@id\":\"https:\\\/\\\/palmira.gal\\\/#website\",\"url\":\"https:\\\/\\\/palmira.gal\\\/\",\"name\":\"Palmira\",\"description\":\"Licor Caf\u00e9\",\"potentialAction\":[{\"@type\":\"SearchAction\",\"target\":{\"@type\":\"EntryPoint\",\"urlTemplate\":\"https:\\\/\\\/palmira.gal\\\/?s={search_term_string}\"},\"query-input\":{\"@type\":\"PropertyValueSpecification\",\"valueRequired\":true,\"valueName\":\"search_term_string\"}}],\"inLanguage\":\"es\"}]}<\/script>\n<!-- \/ Yoast SEO plugin. -->","yoast_head_json":{"title":"Palmira | Licor Caf\u00e9","description":"Pack de 2 botellas de Licor Caf\u00e9 Palmira artesanal galego. Elaborado con caf\u00e9 de alta calidade e augardente natural, produci\u00f3n limitada e sabor aut\u00e9ntico.","robots":{"index":"index","follow":"follow","max-snippet":"max-snippet:-1","max-image-preview":"max-image-preview:large","max-video-preview":"max-video-preview:-1"},"canonical":"https:\/\/palmira.gal\/en\/product\/licor-cafe-palmira-pack-de-2-botellas\/","og_locale":"es_ES","og_type":"article","og_title":"Palmira | Licor Caf\u00e9","og_description":"Pack de 2 botellas de Licor Caf\u00e9 Palmira artesanal galego. Elaborado con caf\u00e9 de alta calidade e augardente natural, produci\u00f3n limitada e sabor aut\u00e9ntico.","og_url":"https:\/\/palmira.gal\/en\/product\/licor-cafe-palmira-pack-de-2-botellas\/","og_site_name":"Palmira","article_modified_time":"2026-04-13T17:28:24+00:00","og_image":[{"url":"https:\/\/palmira.gal\/wp-content\/uploads\/2025\/12\/PALMIRA_A_012-1-1024x683.jpg","type":"","width":"","height":""}],"twitter_card":"summary_large_image","schema":{"@context":"https:\/\/schema.org","@graph":[{"@type":"WebPage","@id":"https:\/\/palmira.gal\/en\/product\/licor-cafe-palmira-pack-de-2-botellas\/","url":"https:\/\/palmira.gal\/en\/product\/licor-cafe-palmira-pack-de-2-botellas\/","name":"Palmira | Licor Caf\u00e9","isPartOf":{"@id":"https:\/\/palmira.gal\/#website"},"primaryImageOfPage":{"@id":"https:\/\/palmira.gal\/en\/product\/licor-cafe-palmira-pack-de-2-botellas\/#primaryimage"},"image":{"@id":"https:\/\/palmira.gal\/en\/product\/licor-cafe-palmira-pack-de-2-botellas\/#primaryimage"},"thumbnailUrl":"https:\/\/palmira.gal\/wp-content\/uploads\/2025\/12\/PALMIRA_A_012-2-scaled.jpg","datePublished":"2025-12-12T15:40:10+00:00","dateModified":"2026-04-13T17:28:24+00:00","description":"Pack de 2 botellas de Licor Caf\u00e9 Palmira artesanal galego. Elaborado con caf\u00e9 de alta calidade e augardente natural, produci\u00f3n limitada e sabor aut\u00e9ntico.","breadcrumb":{"@id":"https:\/\/palmira.gal\/en\/product\/licor-cafe-palmira-pack-de-2-botellas\/#breadcrumb"},"inLanguage":"es","potentialAction":[{"@type":"ReadAction","target":["https:\/\/palmira.gal\/en\/product\/licor-cafe-palmira-pack-de-2-botellas\/"]}]},{"@type":"ImageObject","inLanguage":"es","@id":"https:\/\/palmira.gal\/en\/product\/licor-cafe-palmira-pack-de-2-botellas\/#primaryimage","url":"https:\/\/palmira.gal\/wp-content\/uploads\/2025\/12\/PALMIRA_A_012-2-scaled.jpg","contentUrl":"https:\/\/palmira.gal\/wp-content\/uploads\/2025\/12\/PALMIRA_A_012-2-scaled.jpg","width":2560,"height":1707},{"@type":"BreadcrumbList","@id":"https:\/\/palmira.gal\/en\/product\/licor-cafe-palmira-pack-de-2-botellas\/#breadcrumb","itemListElement":[{"@type":"ListItem","position":1,"name":"Inicio","item":"https:\/\/palmira.gal\/es\/"},{"@type":"ListItem","position":2,"name":"Tienda","item":"https:\/\/palmira.gal\/es\/tienda\/"},{"@type":"ListItem","position":3,"name":"Licor Caf\u00e9 Palmira Pack de 2 botellas"}]},{"@type":"WebSite","@id":"https:\/\/palmira.gal\/#website","url":"https:\/\/palmira.gal\/","name":"Palmira","description":"Licor Caf\u00e9","potentialAction":[{"@type":"SearchAction","target":{"@type":"EntryPoint","urlTemplate":"https:\/\/palmira.gal\/?s={search_term_string}"},"query-input":{"@type":"PropertyValueSpecification","valueRequired":true,"valueName":"search_term_string"}}],"inLanguage":"es"}]}},"_links":{"self":[{"href":"https:\/\/palmira.gal\/es\/wp-json\/wp\/v2\/product\/989094","targetHints":{"allow":["GET"]}}],"collection":[{"href":"https:\/\/palmira.gal\/es\/wp-json\/wp\/v2\/product"}],"about":[{"href":"https:\/\/palmira.gal\/es\/wp-json\/wp\/v2\/types\/product"}],"version-history":[{"count":10,"href":"https:\/\/palmira.gal\/es\/wp-json\/wp\/v2\/product\/989094\/revisions"}],"predecessor-version":[{"id":989187,"href":"https:\/\/palmira.gal\/es\/wp-json\/wp\/v2\/product\/989094\/revisions\/989187"}],"wp:featuredmedia":[{"embeddable":true,"href":"https:\/\/palmira.gal\/es\/wp-json\/wp\/v2\/media\/989096"}],"wp:attachment":[{"href":"https:\/\/palmira.gal\/es\/wp-json\/wp\/v2\/media?parent=989094"}],"wp:term":[{"taxonomy":"product_brand","embeddable":true,"href":"https:\/\/palmira.gal\/es\/wp-json\/wp\/v2\/product_brand?post=989094"},{"taxonomy":"product_cat","embeddable":true,"href":"https:\/\/palmira.gal\/es\/wp-json\/wp\/v2\/product_cat?post=989094"},{"taxonomy":"product_tag","embeddable":true,"href":"https:\/\/palmira.gal\/es\/wp-json\/wp\/v2\/product_tag?post=989094"}],"curies":[{"name":"wp","href":"https:\/\/api.w.org\/{rel}","templated":true}]}}