{"id":989088,"date":"2025-12-18T23:11:00","date_gmt":"2025-12-18T22:11:00","guid":{"rendered":"https:\/\/palmira.gal\/product\/licor-cafe-palmira\/"},"modified":"2026-04-13T17:58:50","modified_gmt":"2026-04-13T15:58:50","slug":"licor-cafe-palmira","status":"publish","type":"product","link":"https:\/\/palmira.gal\/es\/producto\/licor-cafe-palmira\/","title":{"rendered":"Licor Caf\u00e9 Palmira 1 Botella"},"content":{"rendered":"\t\t<div data-elementor-type=\"product-post\" data-elementor-id=\"989088\" class=\"elementor elementor-989088 elementor-1822\" data-elementor-post-type=\"product\">\n\t\t\t\t\t\t<section class=\"elementor-section elementor-top-section elementor-element elementor-element-416d034 elementor-section-boxed elementor-section-height-default elementor-section-height-default\" data-id=\"416d034\" data-element_type=\"section\">\n\t\t\t\t\t\t<div class=\"elementor-container elementor-column-gap-default\">\n\t\t\t\t\t<div class=\"elementor-column elementor-col-100 elementor-top-column elementor-element elementor-element-d8eceae\" data-id=\"d8eceae\" data-element_type=\"column\">\n\t\t\t<div class=\"elementor-widget-wrap elementor-element-populated\">\n\t\t\t\t\t\t<div class=\"elementor-element elementor-element-0eb1e37 elementor-widget elementor-widget-text-editor\" data-id=\"0eb1e37\" data-element_type=\"widget\" data-widget_type=\"text-editor.default\">\n\t\t\t\t<div class=\"elementor-widget-container\">\n\t\t\t\t\t\t\t\t\t<p class=\"p1\"><span class=\"s1\"><b>Elaborado<\/b>: Berta Fontan Freijeiro<\/span><\/p><p class=\"p1\"><span class=\"s1\"><b>Zona<\/b>: Ourense<\/span><\/p><p class=\"p1\"><span class=\"s1\">Vol.-32% &#8211; 70cl<\/span><\/p>\t\t\t\t\t\t\t\t<\/div>\n\t\t\t\t<\/div>\n\t\t\t\t<div class=\"elementor-element elementor-element-30929db accordion-line elementor-widget elementor-widget-n-accordion\" data-id=\"30929db\" data-element_type=\"widget\" data-settings=\"{&quot;default_state&quot;:&quot;expanded&quot;,&quot;max_items_expended&quot;:&quot;one&quot;,&quot;n_accordion_animation_duration&quot;:{&quot;unit&quot;:&quot;ms&quot;,&quot;size&quot;:400,&quot;sizes&quot;:[]}}\" data-widget_type=\"nested-accordion.default\">\n\t\t\t\t<div class=\"elementor-widget-container\">\n\t\t\t\t\t\t\t<div class=\"e-n-accordion\" aria-label=\"Accordion. Open links with Enter or Space, close with Escape, and navigate with Arrow Keys\">\n\t\t\t\t\t\t<details id=\"e-n-accordion-item-5090\" class=\"e-n-accordion-item\" open>\n\t\t\t\t<summary class=\"e-n-accordion-item-title\" data-accordion-index=\"1\" tabindex=\"0\" aria-expanded=\"true\" aria-controls=\"e-n-accordion-item-5090\" >\n\t\t\t\t\t<span class='e-n-accordion-item-title-header'><div class=\"e-n-accordion-item-title-text\"> Elaboraci\u00f3n <\/div><\/span>\n\t\t\t\t\t\t\t<span class='e-n-accordion-item-title-icon'>\n\t\t\t<span class='e-opened' ><i aria-hidden=\"true\" class=\"fas fa-arrow-down\"><\/i><\/span>\n\t\t\t<span class='e-closed'><i aria-hidden=\"true\" class=\"fas fa-arrow-right\"><\/i><\/span>\n\t\t<\/span>\n\n\t\t\t\t\t\t<\/summary>\n\t\t\t\t<div role=\"region\" aria-labelledby=\"e-n-accordion-item-5090\" class=\"elementor-element elementor-element-689f3c4 e-con-full e-flex e-con e-child\" data-id=\"689f3c4\" data-element_type=\"container\">\n\t\t<div role=\"region\" aria-labelledby=\"e-n-accordion-item-5090\" class=\"elementor-element elementor-element-ea32d31 e-con-full e-flex e-con e-child\" data-id=\"ea32d31\" data-element_type=\"container\">\n\t\t\t\t<div class=\"elementor-element elementor-element-3d90eb2 elementor-widget elementor-widget-text-editor\" data-id=\"3d90eb2\" data-element_type=\"widget\" data-widget_type=\"text-editor.default\">\n\t\t\t\t<div class=\"elementor-widget-container\">\n\t\t\t\t\t\t\t\t\t<p data-start=\"0\" data-end=\"616\">La receta que da vida a Palmira hoy en d\u00eda es un legado familiar, transmitido de generaci\u00f3n en generaci\u00f3n, perfeccionado con dedicaci\u00f3n y amor por la tradici\u00f3n. Palmira no es solo un licor; es una experiencia que conecta pasado, presente y futuro en cada sorbo. Cada botella de Palmira se elabora cuidadosamente con tres ingredientes esenciales que capturan la esencia de Galicia: caf\u00e9 de alta calidad, en infusi\u00f3n lenta para extraer su aroma y cuerpo caracter\u00edsticos; aguardiente de origen natural, que proporciona el equilibrio perfecto; y az\u00facar en la proporci\u00f3n justa para crear una mezcla armoniosa y aut\u00e9ntica.<\/p><p data-start=\"618\" data-end=\"956\" data-is-last-node=\"\" data-is-only-node=\"\">En Palmira, no solo nos preocupamos por el contenido, sino tambi\u00e9n por el impacto que tenemos en el mundo. Por eso, cada botella y su tap\u00f3n est\u00e1n hechos con materiales reciclados. Las peque\u00f1as imperfecciones en el embalaje no son defectos, sino un testimonio de nuestro compromiso con la sostenibilidad y el respeto por el medio ambiente.<\/p>\t\t\t\t\t\t\t\t<\/div>\n\t\t\t\t<\/div>\n\t\t\t\t<\/div>\n\t\t\t\t<\/div>\n\t\t\t\t\t<\/details>\n\t\t\t\t\t\t<details id=\"e-n-accordion-item-5091\" class=\"e-n-accordion-item\" >\n\t\t\t\t<summary class=\"e-n-accordion-item-title\" data-accordion-index=\"2\" tabindex=\"-1\" aria-expanded=\"false\" aria-controls=\"e-n-accordion-item-5091\" >\n\t\t\t\t\t<span class='e-n-accordion-item-title-header'><div class=\"e-n-accordion-item-title-text\"> BOTELLA <\/div><\/span>\n\t\t\t\t\t\t\t<span class='e-n-accordion-item-title-icon'>\n\t\t\t<span class='e-opened' ><i aria-hidden=\"true\" class=\"fas fa-arrow-down\"><\/i><\/span>\n\t\t\t<span class='e-closed'><i aria-hidden=\"true\" class=\"fas fa-arrow-right\"><\/i><\/span>\n\t\t<\/span>\n\n\t\t\t\t\t\t<\/summary>\n\t\t\t\t<div role=\"region\" aria-labelledby=\"e-n-accordion-item-5091\" class=\"elementor-element elementor-element-e86078b e-con-full e-flex e-con e-child\" data-id=\"e86078b\" data-element_type=\"container\">\n\t\t<div role=\"region\" aria-labelledby=\"e-n-accordion-item-5091\" class=\"elementor-element elementor-element-6158609 e-con-full e-flex e-con e-child\" data-id=\"6158609\" data-element_type=\"container\">\n\t\t\t\t<div class=\"elementor-element elementor-element-ad8dcb1 elementor-widget elementor-widget-text-editor\" data-id=\"ad8dcb1\" data-element_type=\"widget\" data-widget_type=\"text-editor.default\">\n\t\t\t\t<div class=\"elementor-widget-container\">\n\t\t\t\t\t\t\t\t\t<p data-start=\"0\" data-end=\"376\">Palmira se presenta en esta botella hecha \u00edntegramente con vidrio reciclado posconsumo que ha vivido mil vidas. Cada botella est\u00e1 elaborada con vidrio que antes formaba parte de otras botellas, ventanas u objetos de vidrio cotidianos, que vuelven al horno para comenzar una nueva vida. No se emplean colorantes adicionales, lo que garantiza una apariencia natural y aut\u00e9ntica.<\/p><p data-start=\"378\" data-end=\"706\" data-is-last-node=\"\" data-is-only-node=\"\">Esta botella acepta las imperfecciones como una marca de autenticidad. Estos defectos naturales son el resultado de su proceso de producci\u00f3n y hacen que cada botella sea \u00fanica, reduciendo los residuos al eliminar la necesidad de moldes perfectos. Cada botella cuenta su propia historia, creando un producto verdaderamente \u00fanico.<\/p>\t\t\t\t\t\t\t\t<\/div>\n\t\t\t\t<\/div>\n\t\t\t\t<\/div>\n\t\t\t\t<\/div>\n\t\t\t\t\t<\/details>\n\t\t\t\t\t\t<details id=\"e-n-accordion-item-5092\" class=\"e-n-accordion-item\" >\n\t\t\t\t<summary class=\"e-n-accordion-item-title\" data-accordion-index=\"3\" tabindex=\"-1\" aria-expanded=\"false\" aria-controls=\"e-n-accordion-item-5092\" >\n\t\t\t\t\t<span class='e-n-accordion-item-title-header'><div class=\"e-n-accordion-item-title-text\"> CORCHO <\/div><\/span>\n\t\t\t\t\t\t\t<span class='e-n-accordion-item-title-icon'>\n\t\t\t<span class='e-opened' ><i aria-hidden=\"true\" class=\"fas fa-arrow-down\"><\/i><\/span>\n\t\t\t<span class='e-closed'><i aria-hidden=\"true\" class=\"fas fa-arrow-right\"><\/i><\/span>\n\t\t<\/span>\n\n\t\t\t\t\t\t<\/summary>\n\t\t\t\t<div role=\"region\" aria-labelledby=\"e-n-accordion-item-5092\" class=\"elementor-element elementor-element-0d92f69 e-con-full e-flex e-con e-child\" data-id=\"0d92f69\" data-element_type=\"container\">\n\t\t<div role=\"region\" aria-labelledby=\"e-n-accordion-item-5092\" class=\"elementor-element elementor-element-1ccfa69 e-con-full e-flex e-con e-child\" data-id=\"1ccfa69\" data-element_type=\"container\">\n\t\t\t\t<div class=\"elementor-element elementor-element-a233eb6 elementor-widget__width-initial elementor-widget elementor-widget-text-editor\" data-id=\"a233eb6\" data-element_type=\"widget\" data-widget_type=\"text-editor.default\">\n\t\t\t\t<div class=\"elementor-widget-container\">\n\t\t\t\t\t\t\t\t\t<p><span class=\"s1\">En Palmira, cada detalle conta. O noso compromiso coa sostibilidade e co respecto polo medio \u00e9 tan forte como o sabor do noso licor caf\u00e9. Por iso utilizamos un tap\u00f3n caracterizado pola combinaci\u00f3n de cortiza e carb\u00f3n activado, que consegue unha reduci\u00f3n nos procesos industriais e na pegada de carbono, as\u00ed como unha mellora do rendemento organol\u00e9ptico.<br \/>En termos de sustentabilidade, reduce os residuos e os refugallos de materias primas sen sacrificar a calidade porque se reducen os procesos industriais de lavado de cortiza e non se empregan lixivias qu\u00edmicas, e polo tanto a s\u00faa pegada de carbono \u00e9 menor.<\/span><\/p>\t\t\t\t\t\t\t\t<\/div>\n\t\t\t\t<\/div>\n\t\t\t\t<\/div>\n\t\t\t\t<\/div>\n\t\t\t\t\t<\/details>\n\t\t\t\t\t<\/div>\n\t\t\t\t\t\t<\/div>\n\t\t\t\t<\/div>\n\t\t\t\t\t<\/div>\n\t\t<\/div>\n\t\t\t\t\t<\/div>\n\t\t<\/section>\n\t\t\t\t<\/div>\n\t\t","protected":false},"excerpt":{"rendered":"<section class=\"text-token-text-primary w-full focus:outline-none [--shadow-height:45px] has-data-writing-block:pointer-events-none has-data-writing-block:-mt-(--shadow-height) has-data-writing-block:pt-(--shadow-height) [&amp;:has([data-writing-block])&gt;*]:pointer-events-auto scroll-mt-(--header-height)\" dir=\"auto\" data-turn-id=\"ee77b27c-9b9d-4e4b-870f-ace6e9b0a7a2\" data-testid=\"conversation-turn-7\" data-scroll-anchor=\"false\" data-turn=\"user\"><\/section>\n<section class=\"text-token-text-primary w-full focus:outline-none [--shadow-height:45px] has-data-writing-block:pointer-events-none has-data-writing-block:-mt-(--shadow-height) has-data-writing-block:pt-(--shadow-height) [&amp;:has([data-writing-block])&gt;*]:pointer-events-auto scroll-mt-[calc(var(--header-height)+min(200px,max(70px,20svh)))]\" dir=\"auto\" data-turn-id=\"request-WEB:5c0108cb-b877-4125-8a5f-294ae2999de1-3\" data-testid=\"conversation-turn-8\" data-scroll-anchor=\"true\" data-turn=\"assistant\">\n<div class=\"text-base my-auto mx-auto pb-10 [--thread-content-margin:var(--thread-content-margin-xs,calc(var(--spacing)*4))] @w-sm\/main:[--thread-content-margin:var(--thread-content-margin-sm,calc(var(--spacing)*6))] @w-lg\/main:[--thread-content-margin:var(--thread-content-margin-lg,calc(var(--spacing)*16))] px-(--thread-content-margin)\">\n<div class=\"[--thread-content-max-width:40rem] @w-lg\/main:[--thread-content-max-width:48rem] mx-auto max-w-(--thread-content-max-width) flex-1 group\/turn-messages focus-visible:outline-hidden relative flex w-full min-w-0 flex-col agent-turn\">\n<div class=\"flex max-w-full flex-col gap-4 grow\">\n<div class=\"min-h-8 text-message relative flex w-full flex-col items-end gap-2 text-start break-words whitespace-normal outline-none keyboard-focused:focus-ring [.text-message+&amp;]:mt-1\" dir=\"auto\" tabindex=\"0\" data-message-author-role=\"assistant\" data-message-id=\"be4521d4-0219-4a6e-a69d-7fb4c2f51489\" data-message-model-slug=\"gpt-5-3\" data-turn-start-message=\"true\">\n<div class=\"flex w-full flex-col gap-1 empty:hidden\">\n<div class=\"markdown prose dark:prose-invert w-full wrap-break-word light markdown-new-styling\">\n<p data-start=\"0\" data-end=\"210\" data-is-last-node=\"\" data-is-only-node=\"\">Palmira es un licor caf\u00e9 que nace de un legado familiar y de una elaboraci\u00f3n cuidada. Combina caf\u00e9 de alta calidad en infusi\u00f3n lenta, aguardiente natural y el dulzor justo para un sabor aut\u00e9ntico y equilibrado.<\/p>\n<\/div>\n<\/div>\n<\/div>\n<\/div>\n<\/div>\n<\/div>\n<\/section>\n","protected":false},"featured_media":989090,"template":"","meta":[],"product_brand":[],"product_cat":[71],"product_tag":[],"class_list":{"0":"post-989088","1":"product","2":"type-product","3":"status-publish","4":"has-post-thumbnail","6":"product_cat-licor","8":"first","9":"instock","10":"taxable","11":"shipping-taxable","12":"purchasable","13":"product-type-simple"},"yoast_head":"<!-- This site is optimized with the Yoast SEO plugin v27.3 - https:\/\/yoast.com\/product\/yoast-seo-wordpress\/ -->\n<title>Palmira | Licor Caf\u00e9<\/title>\n<meta name=\"description\" content=\"Compra Licor Caf\u00e9 Palmira, elaborado artesanalmente en Galicia con caf\u00e9 de calidade, augardente natural e produci\u00f3n limitada. Autenticidade en cada botella.\" \/>\n<meta name=\"robots\" content=\"index, follow, max-snippet:-1, max-image-preview:large, max-video-preview:-1\" \/>\n<link rel=\"canonical\" href=\"https:\/\/palmira.gal\/es\/producto\/licor-cafe-palmira\/\" \/>\n<meta property=\"og:locale\" content=\"es_ES\" \/>\n<meta property=\"og:type\" content=\"article\" \/>\n<meta property=\"og:title\" content=\"Palmira | Licor Caf\u00e9\" \/>\n<meta property=\"og:description\" content=\"Compra Licor Caf\u00e9 Palmira, elaborado artesanalmente en Galicia con caf\u00e9 de calidade, augardente natural e produci\u00f3n limitada. Autenticidade en cada botella.\" \/>\n<meta property=\"og:url\" content=\"https:\/\/palmira.gal\/es\/producto\/licor-cafe-palmira\/\" \/>\n<meta property=\"og:site_name\" content=\"Palmira\" \/>\n<meta property=\"article:modified_time\" content=\"2026-04-13T15:58:50+00:00\" \/>\n<meta property=\"og:image\" content=\"https:\/\/palmira.gal\/wp-content\/uploads\/2025\/12\/PALMIRA_A_021-1024x682.jpg\" \/>\n<meta name=\"twitter:card\" content=\"summary_large_image\" \/>\n<meta name=\"twitter:label1\" content=\"Tiempo de lectura\" \/>\n\t<meta name=\"twitter:data1\" content=\"5 minutos\" \/>\n<script type=\"application\/ld+json\" class=\"yoast-schema-graph\">{\"@context\":\"https:\\\/\\\/schema.org\",\"@graph\":[{\"@type\":\"WebPage\",\"@id\":\"https:\\\/\\\/palmira.gal\\\/es\\\/producto\\\/licor-cafe-palmira\\\/\",\"url\":\"https:\\\/\\\/palmira.gal\\\/es\\\/producto\\\/licor-cafe-palmira\\\/\",\"name\":\"Palmira | Licor Caf\u00e9\",\"isPartOf\":{\"@id\":\"https:\\\/\\\/palmira.gal\\\/#website\"},\"primaryImageOfPage\":{\"@id\":\"https:\\\/\\\/palmira.gal\\\/es\\\/producto\\\/licor-cafe-palmira\\\/#primaryimage\"},\"image\":{\"@id\":\"https:\\\/\\\/palmira.gal\\\/es\\\/producto\\\/licor-cafe-palmira\\\/#primaryimage\"},\"thumbnailUrl\":\"https:\\\/\\\/palmira.gal\\\/wp-content\\\/uploads\\\/2025\\\/12\\\/PALMIRA_A_021-1-scaled.jpg\",\"datePublished\":\"2025-12-18T22:11:00+00:00\",\"dateModified\":\"2026-04-13T15:58:50+00:00\",\"description\":\"Compra Licor Caf\u00e9 Palmira, elaborado artesanalmente en Galicia con caf\u00e9 de calidade, augardente natural e produci\u00f3n limitada. Autenticidade en cada botella.\",\"breadcrumb\":{\"@id\":\"https:\\\/\\\/palmira.gal\\\/es\\\/producto\\\/licor-cafe-palmira\\\/#breadcrumb\"},\"inLanguage\":\"es\",\"potentialAction\":[{\"@type\":\"ReadAction\",\"target\":[\"https:\\\/\\\/palmira.gal\\\/es\\\/producto\\\/licor-cafe-palmira\\\/\"]}]},{\"@type\":\"ImageObject\",\"inLanguage\":\"es\",\"@id\":\"https:\\\/\\\/palmira.gal\\\/es\\\/producto\\\/licor-cafe-palmira\\\/#primaryimage\",\"url\":\"https:\\\/\\\/palmira.gal\\\/wp-content\\\/uploads\\\/2025\\\/12\\\/PALMIRA_A_021-1-scaled.jpg\",\"contentUrl\":\"https:\\\/\\\/palmira.gal\\\/wp-content\\\/uploads\\\/2025\\\/12\\\/PALMIRA_A_021-1-scaled.jpg\",\"width\":2560,\"height\":1707},{\"@type\":\"BreadcrumbList\",\"@id\":\"https:\\\/\\\/palmira.gal\\\/es\\\/producto\\\/licor-cafe-palmira\\\/#breadcrumb\",\"itemListElement\":[{\"@type\":\"ListItem\",\"position\":1,\"name\":\"Inicio\",\"item\":\"https:\\\/\\\/palmira.gal\\\/es\\\/\"},{\"@type\":\"ListItem\",\"position\":2,\"name\":\"Tienda\",\"item\":\"https:\\\/\\\/palmira.gal\\\/es\\\/tienda\\\/\"},{\"@type\":\"ListItem\",\"position\":3,\"name\":\"Licor Caf\u00e9 Palmira 1 Botella\"}]},{\"@type\":\"WebSite\",\"@id\":\"https:\\\/\\\/palmira.gal\\\/#website\",\"url\":\"https:\\\/\\\/palmira.gal\\\/\",\"name\":\"Palmira\",\"description\":\"Licor Caf\u00e9\",\"potentialAction\":[{\"@type\":\"SearchAction\",\"target\":{\"@type\":\"EntryPoint\",\"urlTemplate\":\"https:\\\/\\\/palmira.gal\\\/?s={search_term_string}\"},\"query-input\":{\"@type\":\"PropertyValueSpecification\",\"valueRequired\":true,\"valueName\":\"search_term_string\"}}],\"inLanguage\":\"es\"}]}<\/script>\n<!-- \/ Yoast SEO plugin. -->","yoast_head_json":{"title":"Palmira | Licor Caf\u00e9","description":"Compra Licor Caf\u00e9 Palmira, elaborado artesanalmente en Galicia con caf\u00e9 de calidade, augardente natural e produci\u00f3n limitada. Autenticidade en cada botella.","robots":{"index":"index","follow":"follow","max-snippet":"max-snippet:-1","max-image-preview":"max-image-preview:large","max-video-preview":"max-video-preview:-1"},"canonical":"https:\/\/palmira.gal\/es\/producto\/licor-cafe-palmira\/","og_locale":"es_ES","og_type":"article","og_title":"Palmira | Licor Caf\u00e9","og_description":"Compra Licor Caf\u00e9 Palmira, elaborado artesanalmente en Galicia con caf\u00e9 de calidade, augardente natural e produci\u00f3n limitada. Autenticidade en cada botella.","og_url":"https:\/\/palmira.gal\/es\/producto\/licor-cafe-palmira\/","og_site_name":"Palmira","article_modified_time":"2026-04-13T15:58:50+00:00","og_image":[{"url":"https:\/\/palmira.gal\/wp-content\/uploads\/2025\/12\/PALMIRA_A_021-1024x682.jpg","type":"","width":"","height":""}],"twitter_card":"summary_large_image","twitter_misc":{"Tiempo de lectura":"5 minutos"},"schema":{"@context":"https:\/\/schema.org","@graph":[{"@type":"WebPage","@id":"https:\/\/palmira.gal\/es\/producto\/licor-cafe-palmira\/","url":"https:\/\/palmira.gal\/es\/producto\/licor-cafe-palmira\/","name":"Palmira | Licor Caf\u00e9","isPartOf":{"@id":"https:\/\/palmira.gal\/#website"},"primaryImageOfPage":{"@id":"https:\/\/palmira.gal\/es\/producto\/licor-cafe-palmira\/#primaryimage"},"image":{"@id":"https:\/\/palmira.gal\/es\/producto\/licor-cafe-palmira\/#primaryimage"},"thumbnailUrl":"https:\/\/palmira.gal\/wp-content\/uploads\/2025\/12\/PALMIRA_A_021-1-scaled.jpg","datePublished":"2025-12-18T22:11:00+00:00","dateModified":"2026-04-13T15:58:50+00:00","description":"Compra Licor Caf\u00e9 Palmira, elaborado artesanalmente en Galicia con caf\u00e9 de calidade, augardente natural e produci\u00f3n limitada. Autenticidade en cada botella.","breadcrumb":{"@id":"https:\/\/palmira.gal\/es\/producto\/licor-cafe-palmira\/#breadcrumb"},"inLanguage":"es","potentialAction":[{"@type":"ReadAction","target":["https:\/\/palmira.gal\/es\/producto\/licor-cafe-palmira\/"]}]},{"@type":"ImageObject","inLanguage":"es","@id":"https:\/\/palmira.gal\/es\/producto\/licor-cafe-palmira\/#primaryimage","url":"https:\/\/palmira.gal\/wp-content\/uploads\/2025\/12\/PALMIRA_A_021-1-scaled.jpg","contentUrl":"https:\/\/palmira.gal\/wp-content\/uploads\/2025\/12\/PALMIRA_A_021-1-scaled.jpg","width":2560,"height":1707},{"@type":"BreadcrumbList","@id":"https:\/\/palmira.gal\/es\/producto\/licor-cafe-palmira\/#breadcrumb","itemListElement":[{"@type":"ListItem","position":1,"name":"Inicio","item":"https:\/\/palmira.gal\/es\/"},{"@type":"ListItem","position":2,"name":"Tienda","item":"https:\/\/palmira.gal\/es\/tienda\/"},{"@type":"ListItem","position":3,"name":"Licor Caf\u00e9 Palmira 1 Botella"}]},{"@type":"WebSite","@id":"https:\/\/palmira.gal\/#website","url":"https:\/\/palmira.gal\/","name":"Palmira","description":"Licor Caf\u00e9","potentialAction":[{"@type":"SearchAction","target":{"@type":"EntryPoint","urlTemplate":"https:\/\/palmira.gal\/?s={search_term_string}"},"query-input":{"@type":"PropertyValueSpecification","valueRequired":true,"valueName":"search_term_string"}}],"inLanguage":"es"}]}},"_links":{"self":[{"href":"https:\/\/palmira.gal\/es\/wp-json\/wp\/v2\/product\/989088","targetHints":{"allow":["GET"]}}],"collection":[{"href":"https:\/\/palmira.gal\/es\/wp-json\/wp\/v2\/product"}],"about":[{"href":"https:\/\/palmira.gal\/es\/wp-json\/wp\/v2\/types\/product"}],"version-history":[{"count":4,"href":"https:\/\/palmira.gal\/es\/wp-json\/wp\/v2\/product\/989088\/revisions"}],"predecessor-version":[{"id":989134,"href":"https:\/\/palmira.gal\/es\/wp-json\/wp\/v2\/product\/989088\/revisions\/989134"}],"wp:featuredmedia":[{"embeddable":true,"href":"https:\/\/palmira.gal\/es\/wp-json\/wp\/v2\/media\/989090"}],"wp:attachment":[{"href":"https:\/\/palmira.gal\/es\/wp-json\/wp\/v2\/media?parent=989088"}],"wp:term":[{"taxonomy":"product_brand","embeddable":true,"href":"https:\/\/palmira.gal\/es\/wp-json\/wp\/v2\/product_brand?post=989088"},{"taxonomy":"product_cat","embeddable":true,"href":"https:\/\/palmira.gal\/es\/wp-json\/wp\/v2\/product_cat?post=989088"},{"taxonomy":"product_tag","embeddable":true,"href":"https:\/\/palmira.gal\/es\/wp-json\/wp\/v2\/product_tag?post=989088"}],"curies":[{"name":"wp","href":"https:\/\/api.w.org\/{rel}","templated":true}]}}