{"id":989277,"date":"2025-11-14T09:31:58","date_gmt":"2025-11-14T08:31:58","guid":{"rendered":"https:\/\/palmira.gal\/politica-de-cookies\/"},"modified":"2026-04-13T23:09:30","modified_gmt":"2026-04-13T21:09:30","slug":"politica-de-cookies","status":"publish","type":"page","link":"https:\/\/palmira.gal\/es\/politica-de-cookies\/","title":{"rendered":"Pol\u00edtica de Cookies"},"content":{"rendered":"\t\t<div data-elementor-type=\"wp-page\" data-elementor-id=\"989277\" class=\"elementor elementor-989277 elementor-988013\" data-elementor-post-type=\"page\">\n\t\t\t\t<div class=\"elementor-element elementor-element-7b0006a e-flex e-con-boxed e-con e-parent\" data-id=\"7b0006a\" data-element_type=\"container\">\n\t\t\t\t\t<div class=\"e-con-inner\">\n\t\t\t\t<div class=\"elementor-element elementor-element-571de01f elementor-widget elementor-widget-text-editor\" data-id=\"571de01f\" data-element_type=\"widget\" data-widget_type=\"text-editor.default\">\n\t\t\t\t<div class=\"elementor-widget-container\">\n\t\t\t\t\t\t\t\t\t<h3><strong>INFORMACI\u00d3N SOBRE LAS COOKIES<\/strong><\/h3>\n<p>Debido a la entrada en vigor de la modificaci\u00f3n de la \u201cLey de Servicios de la Sociedad de la Informaci\u00f3n\u201d (LSSICE) establecida por el Real Decreto 13\/2012, es obligatorio obtener el consentimiento expreso del usuario de todas las p\u00e1ginas web que utilicen cookies no necesarias antes de que este comience a navegar por ellas.<\/p>\n\n<hr \/>\n\n<h3><strong>\u00bfQU\u00c9 SON LAS COOKIES?<\/strong><\/h3>\n<p>Las cookies y otras tecnolog\u00edas similares, como local shared objects, flash cookies o p\u00edxeles, son herramientas utilizadas por los servidores web para almacenar y recuperar informaci\u00f3n sobre sus visitantes, as\u00ed como para garantizar el correcto funcionamiento del sitio.<\/p>\n<p>Mediante el uso de estos dispositivos, el servidor web puede recordar ciertos datos relativos al usuario: preferencias de visualizaci\u00f3n, nombre y contrase\u00f1a, productos o contenidos de mayor inter\u00e9s, etc.<\/p>\n\n<hr \/>\n\n<h3><strong>COOKIES AFECTADAS POR LA NORMATIVA Y COOKIES EXCEPTUADAS<\/strong><\/h3>\n<p>Seg\u00fan la directiva de la UE, requieren <strong>consentimiento informado<\/strong> del usuario:<\/p>\n\n<ul>\n  <li><p>Las cookies de anal\u00edtica<\/p><\/li>\n  <li><p>Las cookies de publicidad<\/p><\/li>\n  <li><p>Las cookies de afiliaci\u00f3n<\/p><\/li>\n<\/ul>\n<p>Est\u00e1n <strong>exceptuadas<\/strong> las cookies de car\u00e1cter t\u00e9cnico y aquellas necesarias para el funcionamiento de la web o para prestar servicios expresamente solicitados por el usuario.<\/p>\n\n<hr \/>\n\n<h3><strong>TIPOS DE COOKIES QUE EXISTEN<\/strong><\/h3>\n<p>Existen cinco grandes grupos:<\/p>\n\n<ol>\n  <li><p><strong>Cookies anal\u00edticas:<\/strong> recogen informaci\u00f3n sobre el uso que se hace del sitio web.<\/p><\/li>\n  <li><p><strong>Cookies sociales:<\/strong> necesarias para redes sociales externas.<\/p><\/li>\n  <li><p><strong>Cookies de afiliados:<\/strong> permiten hacer seguimiento de visitas procedentes de otras webs con contratos de afiliaci\u00f3n.<\/p><\/li>\n  <li><p><strong>Cookies de publicidad y comportamentales:<\/strong> recogen informaci\u00f3n sobre preferencias y elecciones personales del usuario (retargeting).<\/p><\/li>\n  <li><p><strong>Cookies t\u00e9cnicas y funcionales:<\/strong> estrictamente necesarias para el uso de la web y la prestaci\u00f3n del servicio contratado.<\/p><\/li>\n<\/ol>\n\n<hr \/>\n\n<h3><strong>COOKIES QUE SE UTILIZAN EN ESTE SITIO WEB<\/strong><\/h3>\n<p><strong>PHPSESSID:<\/strong> cookie t\u00e9cnica y estrictamente necesaria que contiene el identificador de la sesi\u00f3n. Se elimina al cerrar el navegador.<br \/>\n<strong>_lang:<\/strong> cookie t\u00e9cnica y necesaria que almacena el idioma de la sesi\u00f3n. Se elimina al cerrar el navegador.<br \/>\n<strong>ac_cookies:<\/strong> cookie t\u00e9cnica que indica si se ha aceptado la instalaci\u00f3n de cookies. Caduca al a\u00f1o.<br \/>\n<strong>_ga:<\/strong> cookie de Google Analytics que permite identificar visitas \u00fanicas. Caduca a los 2 a\u00f1os.<br \/>\n<strong>_gat:<\/strong> cookie de Google Analytics Universal para limitar la velocidad de petici\u00f3n. Caduca a los 10 minutos.<br \/>\n<strong>_utma:<\/strong> registra la primera y \u00faltima visita. Caduca a los 2 a\u00f1os.<br \/>\n<strong>_utmb:<\/strong> registra la hora de llegada. Caduca a los 30 minutos.<br \/>\n<strong>_utmc:<\/strong> interoperabilidad con urchin.js. Se elimina al cerrar el navegador.<br \/>\n<strong>_utmt:<\/strong> procesa el tipo de solicitud. Caduca al finalizar la sesi\u00f3n.<br \/>\n<strong>_utmv:<\/strong> segmentaci\u00f3n demogr\u00e1fica. Caduca al finalizar la sesi\u00f3n.<br \/>\n<strong>_utmz:<\/strong> almacena la fuente de tr\u00e1fico. Caduca a los 6 meses.<\/p>\n\n<p><strong>Cookies de acceso a Redes Sociales:<\/strong> Twitter, YouTube, Facebook y Google+.<\/p>\n\n<hr \/>\n\n<h3><strong>REVOCACI\u00d3N DEL CONSENTIMIENTO PARA INSTALAR COOKIES<\/strong><\/h3>\n<p>El usuario puede <strong>revocar en cualquier momento<\/strong> el consentimiento otorgado eliminando las cookies desde su navegador.<\/p>\n\n<hr \/>\n\n<h3><strong>C\u00d3MO ELIMINAR LAS COOKIES DEL NAVEGADOR<\/strong><\/h3>\n\n<hr \/>\n\n<h4><strong>Chrome<\/strong><\/h4>\n<ol>\n  <li><p>Pulse el icono de herramientas.<\/p><\/li>\n  <li><p>Vaya a <em>Configuraci\u00f3n<\/em>.<\/p><\/li>\n  <li><p><em>Mostrar configuraci\u00f3n avanzada<\/em>.<\/p><\/li>\n  <li>\n    <p>En \u201cPrivacidad\u201d: <em>Configuraci\u00f3n de contenido<\/em>.<\/p>\n    <ul>\n      <li><p>Eliminar cookies: <em>Todas las cookies y datos de sitios\u2026<\/em><\/p><\/li>\n      <li><p>No permitir almacenar cookies.<\/p><\/li>\n    <\/ul>\n  <\/li>\n  <li><p><em>Borrar datos de navegaci\u00f3n<\/em>.<\/p><\/li>\n  <li><p>Reiniciar navegador.<br \/>M\u00e1s info: https:\/\/support.google.com\/chrome\/answer\/95647?hl=es<\/p><\/li>\n<\/ol>\n\n<hr \/>\n\n<h4><strong>Internet Explorer 11<\/strong><\/h4>\n<ol>\n  <li><p>Herramientas | Opciones de Internet.<\/p><\/li>\n  <li><p>Pesta\u00f1a <em>General<\/em>.<\/p><\/li>\n  <li><p>\u201cHistorial de exploraci\u00f3n\u201d: <em>Eliminar al salir<\/em>.<\/p><\/li>\n  <li><p><em>Eliminar archivos<\/em>.<\/p><\/li>\n  <li><p><em>Eliminar cookies<\/em>.<\/p><\/li>\n  <li><p><em>Eliminar<\/em>.<\/p><\/li>\n  <li><p><em>Aceptar<\/em>.<\/p><\/li>\n  <li><p>Reiniciar navegador.<br \/>M\u00e1s info: https:\/\/support.microsoft.com\/es-es\/windows<\/p><\/li>\n<\/ol>\n\n<hr \/>\n\n<h4><strong>Firefox<\/strong><\/h4>\n<ol>\n  <li><p>Firefox | Historial | <em>Limpiar historial reciente<\/em>.<\/p><\/li>\n  <li><p><em>Detalles<\/em>.<\/p><\/li>\n  <li><p>Marcar: Cookies, Cach\u00e9, Inicios de sesi\u00f3n activos.<\/p><\/li>\n  <li><p>Intervalo: <em>Todo<\/em>.<\/p><\/li>\n  <li><p><em>Borrar ahora<\/em>.<\/p><\/li>\n  <li><p>Reiniciar el navegador.<br \/>M\u00e1s info: https:\/\/www.mozilla.org\/es-ES\/privacy\/websites\/#cookies<\/p><\/li>\n<\/ol>\n\n<hr \/>\n\n<h4><strong>Safari 5.1<\/strong><\/h4>\n<ol>\n  <li><p>Safari \/ Editar | <em>Restaurar Safari<\/em>.<\/p><\/li>\n  <li><p>Marcar: Borrar historial y datos de sitios web.<\/p><\/li>\n  <li><p><em>Restablecer<\/em>.<\/p><\/li>\n  <li><p>Reiniciar navegador.<br \/>M\u00e1s info: https:\/\/support.apple.com<\/p><\/li>\n<\/ol>\n\n<hr \/>\n\n<h4><strong>Opera<\/strong><\/h4>\n<p>Opciones &gt; Avanzado &gt; Cookies.<br \/>M\u00e1s info: http:\/\/help.opera.com\/Linux\/10.60\/es-ES\/cookies.html<\/p>\n\n<hr \/>\n\n<h4><strong>Otros navegadores<\/strong><\/h4>\n<p>Consulte la documentaci\u00f3n espec\u00edfica del navegador utilizado.<\/p>\t\t\t\t\t\t\t\t<\/div>\n\t\t\t\t<\/div>\n\t\t\t\t\t<\/div>\n\t\t\t\t<\/div>\n\t\t\t\t<\/div>\n\t\t","protected":false},"excerpt":{"rendered":"<p>INFORMACI\u00d3N SOBRE LAS COOKIES Debido a la entrada en vigor de la modificaci\u00f3n de la \u201cLey de Servicios de la Sociedad de la Informaci\u00f3n\u201d (LSSICE) establecida por el Real Decreto 13\/2012, es obligatorio obtener el consentimiento expreso del usuario de todas las p\u00e1ginas web que utilicen cookies no necesarias antes de que este comience a&#8230;<\/p>\n","protected":false},"author":1,"featured_media":0,"parent":0,"menu_order":0,"comment_status":"closed","ping_status":"closed","template":"","meta":{"footnotes":""},"class_list":["post-989277","page","type-page","status-publish","hentry"],"yoast_head":"<!-- This site is optimized with the Yoast SEO plugin v27.3 - https:\/\/yoast.com\/product\/yoast-seo-wordpress\/ -->\n<title>Pol\u00edtica de Cookies - Palmira<\/title>\n<meta name=\"robots\" content=\"index, follow, max-snippet:-1, max-image-preview:large, max-video-preview:-1\" \/>\n<link rel=\"canonical\" href=\"https:\/\/palmira.gal\/es\/politica-de-cookies\/\" \/>\n<meta property=\"og:locale\" content=\"es_ES\" \/>\n<meta property=\"og:type\" content=\"article\" \/>\n<meta property=\"og:title\" content=\"Pol\u00edtica de Cookies - Palmira\" \/>\n<meta property=\"og:description\" content=\"INFORMACI\u00d3N SOBRE LAS COOKIES Debido a la entrada en vigor de la modificaci\u00f3n de la \u201cLey de Servicios de la Sociedad de la Informaci\u00f3n\u201d (LSSICE) establecida por el Real Decreto 13\/2012, es obligatorio obtener el consentimiento expreso del usuario de todas las p\u00e1ginas web que utilicen cookies no necesarias antes de que este comience a...\" \/>\n<meta property=\"og:url\" content=\"https:\/\/palmira.gal\/es\/politica-de-cookies\/\" \/>\n<meta property=\"og:site_name\" content=\"Palmira\" \/>\n<meta property=\"article:modified_time\" content=\"2026-04-13T21:09:30+00:00\" \/>\n<meta name=\"twitter:card\" content=\"summary_large_image\" \/>\n<meta name=\"twitter:label1\" content=\"Tiempo de lectura\" \/>\n\t<meta name=\"twitter:data1\" content=\"3 minutos\" \/>\n<script type=\"application\/ld+json\" class=\"yoast-schema-graph\">{\"@context\":\"https:\\\/\\\/schema.org\",\"@graph\":[{\"@type\":\"WebPage\",\"@id\":\"https:\\\/\\\/palmira.gal\\\/es\\\/politica-de-cookies\\\/\",\"url\":\"https:\\\/\\\/palmira.gal\\\/es\\\/politica-de-cookies\\\/\",\"name\":\"Pol\u00edtica de Cookies - Palmira\",\"isPartOf\":{\"@id\":\"https:\\\/\\\/palmira.gal\\\/#website\"},\"datePublished\":\"2025-11-14T08:31:58+00:00\",\"dateModified\":\"2026-04-13T21:09:30+00:00\",\"breadcrumb\":{\"@id\":\"https:\\\/\\\/palmira.gal\\\/es\\\/politica-de-cookies\\\/#breadcrumb\"},\"inLanguage\":\"es\",\"potentialAction\":[{\"@type\":\"ReadAction\",\"target\":[\"https:\\\/\\\/palmira.gal\\\/es\\\/politica-de-cookies\\\/\"]}]},{\"@type\":\"BreadcrumbList\",\"@id\":\"https:\\\/\\\/palmira.gal\\\/es\\\/politica-de-cookies\\\/#breadcrumb\",\"itemListElement\":[{\"@type\":\"ListItem\",\"position\":1,\"name\":\"Inicio\",\"item\":\"https:\\\/\\\/palmira.gal\\\/es\\\/\"},{\"@type\":\"ListItem\",\"position\":2,\"name\":\"Pol\u00edtica de Cookies\"}]},{\"@type\":\"WebSite\",\"@id\":\"https:\\\/\\\/palmira.gal\\\/#website\",\"url\":\"https:\\\/\\\/palmira.gal\\\/\",\"name\":\"Palmira\",\"description\":\"Licor Caf\u00e9\",\"potentialAction\":[{\"@type\":\"SearchAction\",\"target\":{\"@type\":\"EntryPoint\",\"urlTemplate\":\"https:\\\/\\\/palmira.gal\\\/?s={search_term_string}\"},\"query-input\":{\"@type\":\"PropertyValueSpecification\",\"valueRequired\":true,\"valueName\":\"search_term_string\"}}],\"inLanguage\":\"es\"}]}<\/script>\n<!-- \/ Yoast SEO plugin. -->","yoast_head_json":{"title":"Pol\u00edtica de Cookies - Palmira","robots":{"index":"index","follow":"follow","max-snippet":"max-snippet:-1","max-image-preview":"max-image-preview:large","max-video-preview":"max-video-preview:-1"},"canonical":"https:\/\/palmira.gal\/es\/politica-de-cookies\/","og_locale":"es_ES","og_type":"article","og_title":"Pol\u00edtica de Cookies - Palmira","og_description":"INFORMACI\u00d3N SOBRE LAS COOKIES Debido a la entrada en vigor de la modificaci\u00f3n de la \u201cLey de Servicios de la Sociedad de la Informaci\u00f3n\u201d (LSSICE) establecida por el Real Decreto 13\/2012, es obligatorio obtener el consentimiento expreso del usuario de todas las p\u00e1ginas web que utilicen cookies no necesarias antes de que este comience a...","og_url":"https:\/\/palmira.gal\/es\/politica-de-cookies\/","og_site_name":"Palmira","article_modified_time":"2026-04-13T21:09:30+00:00","twitter_card":"summary_large_image","twitter_misc":{"Tiempo de lectura":"3 minutos"},"schema":{"@context":"https:\/\/schema.org","@graph":[{"@type":"WebPage","@id":"https:\/\/palmira.gal\/es\/politica-de-cookies\/","url":"https:\/\/palmira.gal\/es\/politica-de-cookies\/","name":"Pol\u00edtica de Cookies - Palmira","isPartOf":{"@id":"https:\/\/palmira.gal\/#website"},"datePublished":"2025-11-14T08:31:58+00:00","dateModified":"2026-04-13T21:09:30+00:00","breadcrumb":{"@id":"https:\/\/palmira.gal\/es\/politica-de-cookies\/#breadcrumb"},"inLanguage":"es","potentialAction":[{"@type":"ReadAction","target":["https:\/\/palmira.gal\/es\/politica-de-cookies\/"]}]},{"@type":"BreadcrumbList","@id":"https:\/\/palmira.gal\/es\/politica-de-cookies\/#breadcrumb","itemListElement":[{"@type":"ListItem","position":1,"name":"Inicio","item":"https:\/\/palmira.gal\/es\/"},{"@type":"ListItem","position":2,"name":"Pol\u00edtica de Cookies"}]},{"@type":"WebSite","@id":"https:\/\/palmira.gal\/#website","url":"https:\/\/palmira.gal\/","name":"Palmira","description":"Licor Caf\u00e9","potentialAction":[{"@type":"SearchAction","target":{"@type":"EntryPoint","urlTemplate":"https:\/\/palmira.gal\/?s={search_term_string}"},"query-input":{"@type":"PropertyValueSpecification","valueRequired":true,"valueName":"search_term_string"}}],"inLanguage":"es"}]}},"_links":{"self":[{"href":"https:\/\/palmira.gal\/es\/wp-json\/wp\/v2\/pages\/989277","targetHints":{"allow":["GET"]}}],"collection":[{"href":"https:\/\/palmira.gal\/es\/wp-json\/wp\/v2\/pages"}],"about":[{"href":"https:\/\/palmira.gal\/es\/wp-json\/wp\/v2\/types\/page"}],"author":[{"embeddable":true,"href":"https:\/\/palmira.gal\/es\/wp-json\/wp\/v2\/users\/1"}],"replies":[{"embeddable":true,"href":"https:\/\/palmira.gal\/es\/wp-json\/wp\/v2\/comments?post=989277"}],"version-history":[{"count":4,"href":"https:\/\/palmira.gal\/es\/wp-json\/wp\/v2\/pages\/989277\/revisions"}],"predecessor-version":[{"id":989281,"href":"https:\/\/palmira.gal\/es\/wp-json\/wp\/v2\/pages\/989277\/revisions\/989281"}],"wp:attachment":[{"href":"https:\/\/palmira.gal\/es\/wp-json\/wp\/v2\/media?parent=989277"}],"curies":[{"name":"wp","href":"https:\/\/api.w.org\/{rel}","templated":true}]}}