{"id":989097,"date":"2025-11-25T00:46:44","date_gmt":"2025-11-24T23:46:44","guid":{"rendered":"https:\/\/palmira.gal\/product\/bolsa-palmira\/"},"modified":"2026-04-13T18:15:20","modified_gmt":"2026-04-13T16:15:20","slug":"bolsa-palmira","status":"publish","type":"product","link":"https:\/\/palmira.gal\/en\/product\/bolsa-palmira\/","title":{"rendered":"Palmira Tote Bag"},"content":{"rendered":"<div class=\"vgblk-rw-wrapper limit-wrapper\">\n<p data-start=\"0\" data-end=\"265\">The Palmira bag is made from durable 420 g\/m\u00b2 canvas, crafted from 100% cotton and recycled fibers in a balanced blend of cotton and polyester (450 g\/m\u00b2).<br data-start=\"154\" data-end=\"157\" \/>It is spacious, comfortable, and designed to accompany you in your daily life with style and sustainability.<\/p>\n<p data-start=\"267\" data-end=\"407\">Its design features Palmira\u2019s signature \u201cI\u201d or a historical photograph of Palmira herself, turning each bag into a small piece of our story.<\/p>\n<p data-start=\"409\" data-end=\"421\"><strong data-start=\"409\" data-end=\"421\">Features<\/strong><\/p>\n<ul data-start=\"423\" data-end=\"677\">\n<li data-section-id=\"1xweaiz\" data-start=\"423\" data-end=\"465\">Material: high-density canvas 420 g\/m\u00b2<\/li>\n<li data-section-id=\"2g5ls3\" data-start=\"466\" data-end=\"536\">Composition: 100% cotton with recycled fibers (cotton + polyester)<\/li>\n<li data-section-id=\"v5wjh\" data-start=\"537\" data-end=\"562\">Size: 50 \u00d7 40 \u00d7 14 cm<\/li>\n<li data-section-id=\"1vkecoe\" data-start=\"563\" data-end=\"614\">Long handles: 66 \u00d7 3.5 cm for shoulder carrying<\/li>\n<li data-section-id=\"1bhjo4o\" data-start=\"615\" data-end=\"677\">Sustainable: recycled materials and responsible production<\/li>\n<\/ul>\n<p data-start=\"679\" data-end=\"792\" data-is-last-node=\"\" data-is-only-node=\"\">Lightweight, durable, and full of character, it is the perfect companion for shopping, getaways, or everyday use.<\/p>\n<\/div>\n<p><!-- .vgblk-rw-wrapper --><\/p>\n","protected":false},"excerpt":{"rendered":"<p>Durable canvas tote bag made from cotton and recycled fibers (420\u2013450 g\/m\u00b2). Spacious, comfortable, and sustainable, with a size of 50 \u00d7 40 \u00d7 14 cm and long handles (66 \u00d7 3.5 cm) for easy shoulder carrying. A Palmira design with history and character.<\/p>\n","protected":false},"featured_media":989099,"template":"","meta":[],"product_brand":[],"product_cat":[72],"product_tag":[],"class_list":{"0":"post-989097","1":"product","2":"type-product","3":"status-publish","4":"has-post-thumbnail","6":"product_cat-accesorios","8":"first","9":"instock","10":"taxable","11":"shipping-taxable","12":"purchasable","13":"product-type-simple"},"yoast_head":"<!-- This site is optimized with the Yoast SEO plugin v27.3 - https:\/\/yoast.com\/product\/yoast-seo-wordpress\/ -->\n<title>Palmira | Licor Caf\u00e9<\/title>\n<meta name=\"description\" content=\"Bolsa Palmira reutilizable con dese\u00f1o da marca. Ideal para acompa\u00f1ar o licor caf\u00e9 Palmira, resistente, pr\u00e1ctica e perfecta para agasallo.\" \/>\n<meta name=\"robots\" content=\"index, follow, max-snippet:-1, max-image-preview:large, max-video-preview:-1\" \/>\n<link rel=\"canonical\" href=\"https:\/\/palmira.gal\/en\/product\/bolsa-palmira\/\" \/>\n<meta property=\"og:locale\" content=\"en_US\" \/>\n<meta property=\"og:type\" content=\"article\" \/>\n<meta property=\"og:title\" content=\"Palmira | Licor Caf\u00e9\" \/>\n<meta property=\"og:description\" content=\"Bolsa Palmira reutilizable con dese\u00f1o da marca. Ideal para acompa\u00f1ar o licor caf\u00e9 Palmira, resistente, pr\u00e1ctica e perfecta para agasallo.\" \/>\n<meta property=\"og:url\" content=\"https:\/\/palmira.gal\/en\/product\/bolsa-palmira\/\" \/>\n<meta property=\"og:site_name\" content=\"Palmira\" \/>\n<meta property=\"article:modified_time\" content=\"2026-04-13T16:15:20+00:00\" \/>\n<meta property=\"og:image\" content=\"https:\/\/palmira.gal\/wp-content\/uploads\/2025\/11\/PALMIRA_A_037-1024x683.jpg\" \/>\n<meta name=\"twitter:card\" content=\"summary_large_image\" \/>\n<meta name=\"twitter:label1\" content=\"Est. reading time\" \/>\n\t<meta name=\"twitter:data1\" content=\"1 minute\" \/>\n<script type=\"application\/ld+json\" class=\"yoast-schema-graph\">{\"@context\":\"https:\\\/\\\/schema.org\",\"@graph\":[{\"@type\":\"WebPage\",\"@id\":\"https:\\\/\\\/palmira.gal\\\/en\\\/product\\\/bolsa-palmira\\\/\",\"url\":\"https:\\\/\\\/palmira.gal\\\/en\\\/product\\\/bolsa-palmira\\\/\",\"name\":\"Palmira | Licor Caf\u00e9\",\"isPartOf\":{\"@id\":\"https:\\\/\\\/palmira.gal\\\/#website\"},\"primaryImageOfPage\":{\"@id\":\"https:\\\/\\\/palmira.gal\\\/en\\\/product\\\/bolsa-palmira\\\/#primaryimage\"},\"image\":{\"@id\":\"https:\\\/\\\/palmira.gal\\\/en\\\/product\\\/bolsa-palmira\\\/#primaryimage\"},\"thumbnailUrl\":\"https:\\\/\\\/palmira.gal\\\/wp-content\\\/uploads\\\/2025\\\/11\\\/PALMIRA_A_037-1-scaled.jpg\",\"datePublished\":\"2025-11-24T23:46:44+00:00\",\"dateModified\":\"2026-04-13T16:15:20+00:00\",\"description\":\"Bolsa Palmira reutilizable con dese\u00f1o da marca. Ideal para acompa\u00f1ar o licor caf\u00e9 Palmira, resistente, pr\u00e1ctica e perfecta para agasallo.\",\"breadcrumb\":{\"@id\":\"https:\\\/\\\/palmira.gal\\\/en\\\/product\\\/bolsa-palmira\\\/#breadcrumb\"},\"inLanguage\":\"en-US\",\"potentialAction\":[{\"@type\":\"ReadAction\",\"target\":[\"https:\\\/\\\/palmira.gal\\\/en\\\/product\\\/bolsa-palmira\\\/\"]}]},{\"@type\":\"ImageObject\",\"inLanguage\":\"en-US\",\"@id\":\"https:\\\/\\\/palmira.gal\\\/en\\\/product\\\/bolsa-palmira\\\/#primaryimage\",\"url\":\"https:\\\/\\\/palmira.gal\\\/wp-content\\\/uploads\\\/2025\\\/11\\\/PALMIRA_A_037-1-scaled.jpg\",\"contentUrl\":\"https:\\\/\\\/palmira.gal\\\/wp-content\\\/uploads\\\/2025\\\/11\\\/PALMIRA_A_037-1-scaled.jpg\",\"width\":2560,\"height\":1707},{\"@type\":\"BreadcrumbList\",\"@id\":\"https:\\\/\\\/palmira.gal\\\/en\\\/product\\\/bolsa-palmira\\\/#breadcrumb\",\"itemListElement\":[{\"@type\":\"ListItem\",\"position\":1,\"name\":\"Inicio\",\"item\":\"https:\\\/\\\/palmira.gal\\\/es\\\/\"},{\"@type\":\"ListItem\",\"position\":2,\"name\":\"Shop\",\"item\":\"https:\\\/\\\/palmira.gal\\\/en\\\/shop\\\/\"},{\"@type\":\"ListItem\",\"position\":3,\"name\":\"Palmira Tote Bag\"}]},{\"@type\":\"WebSite\",\"@id\":\"https:\\\/\\\/palmira.gal\\\/#website\",\"url\":\"https:\\\/\\\/palmira.gal\\\/\",\"name\":\"Palmira\",\"description\":\"Licor Caf\u00e9\",\"potentialAction\":[{\"@type\":\"SearchAction\",\"target\":{\"@type\":\"EntryPoint\",\"urlTemplate\":\"https:\\\/\\\/palmira.gal\\\/?s={search_term_string}\"},\"query-input\":{\"@type\":\"PropertyValueSpecification\",\"valueRequired\":true,\"valueName\":\"search_term_string\"}}],\"inLanguage\":\"en-US\"}]}<\/script>\n<!-- \/ Yoast SEO plugin. -->","yoast_head_json":{"title":"Palmira | Licor Caf\u00e9","description":"Bolsa Palmira reutilizable con dese\u00f1o da marca. Ideal para acompa\u00f1ar o licor caf\u00e9 Palmira, resistente, pr\u00e1ctica e perfecta para agasallo.","robots":{"index":"index","follow":"follow","max-snippet":"max-snippet:-1","max-image-preview":"max-image-preview:large","max-video-preview":"max-video-preview:-1"},"canonical":"https:\/\/palmira.gal\/en\/product\/bolsa-palmira\/","og_locale":"en_US","og_type":"article","og_title":"Palmira | Licor Caf\u00e9","og_description":"Bolsa Palmira reutilizable con dese\u00f1o da marca. Ideal para acompa\u00f1ar o licor caf\u00e9 Palmira, resistente, pr\u00e1ctica e perfecta para agasallo.","og_url":"https:\/\/palmira.gal\/en\/product\/bolsa-palmira\/","og_site_name":"Palmira","article_modified_time":"2026-04-13T16:15:20+00:00","og_image":[{"url":"https:\/\/palmira.gal\/wp-content\/uploads\/2025\/11\/PALMIRA_A_037-1024x683.jpg","type":"","width":"","height":""}],"twitter_card":"summary_large_image","twitter_misc":{"Est. reading time":"1 minute"},"schema":{"@context":"https:\/\/schema.org","@graph":[{"@type":"WebPage","@id":"https:\/\/palmira.gal\/en\/product\/bolsa-palmira\/","url":"https:\/\/palmira.gal\/en\/product\/bolsa-palmira\/","name":"Palmira | Licor Caf\u00e9","isPartOf":{"@id":"https:\/\/palmira.gal\/#website"},"primaryImageOfPage":{"@id":"https:\/\/palmira.gal\/en\/product\/bolsa-palmira\/#primaryimage"},"image":{"@id":"https:\/\/palmira.gal\/en\/product\/bolsa-palmira\/#primaryimage"},"thumbnailUrl":"https:\/\/palmira.gal\/wp-content\/uploads\/2025\/11\/PALMIRA_A_037-1-scaled.jpg","datePublished":"2025-11-24T23:46:44+00:00","dateModified":"2026-04-13T16:15:20+00:00","description":"Bolsa Palmira reutilizable con dese\u00f1o da marca. Ideal para acompa\u00f1ar o licor caf\u00e9 Palmira, resistente, pr\u00e1ctica e perfecta para agasallo.","breadcrumb":{"@id":"https:\/\/palmira.gal\/en\/product\/bolsa-palmira\/#breadcrumb"},"inLanguage":"en-US","potentialAction":[{"@type":"ReadAction","target":["https:\/\/palmira.gal\/en\/product\/bolsa-palmira\/"]}]},{"@type":"ImageObject","inLanguage":"en-US","@id":"https:\/\/palmira.gal\/en\/product\/bolsa-palmira\/#primaryimage","url":"https:\/\/palmira.gal\/wp-content\/uploads\/2025\/11\/PALMIRA_A_037-1-scaled.jpg","contentUrl":"https:\/\/palmira.gal\/wp-content\/uploads\/2025\/11\/PALMIRA_A_037-1-scaled.jpg","width":2560,"height":1707},{"@type":"BreadcrumbList","@id":"https:\/\/palmira.gal\/en\/product\/bolsa-palmira\/#breadcrumb","itemListElement":[{"@type":"ListItem","position":1,"name":"Inicio","item":"https:\/\/palmira.gal\/es\/"},{"@type":"ListItem","position":2,"name":"Shop","item":"https:\/\/palmira.gal\/en\/shop\/"},{"@type":"ListItem","position":3,"name":"Palmira Tote Bag"}]},{"@type":"WebSite","@id":"https:\/\/palmira.gal\/#website","url":"https:\/\/palmira.gal\/","name":"Palmira","description":"Licor Caf\u00e9","potentialAction":[{"@type":"SearchAction","target":{"@type":"EntryPoint","urlTemplate":"https:\/\/palmira.gal\/?s={search_term_string}"},"query-input":{"@type":"PropertyValueSpecification","valueRequired":true,"valueName":"search_term_string"}}],"inLanguage":"en-US"}]}},"_links":{"self":[{"href":"https:\/\/palmira.gal\/en\/wp-json\/wp\/v2\/product\/989097","targetHints":{"allow":["GET"]}}],"collection":[{"href":"https:\/\/palmira.gal\/en\/wp-json\/wp\/v2\/product"}],"about":[{"href":"https:\/\/palmira.gal\/en\/wp-json\/wp\/v2\/types\/product"}],"version-history":[{"count":2,"href":"https:\/\/palmira.gal\/en\/wp-json\/wp\/v2\/product\/989097\/revisions"}],"predecessor-version":[{"id":989158,"href":"https:\/\/palmira.gal\/en\/wp-json\/wp\/v2\/product\/989097\/revisions\/989158"}],"wp:featuredmedia":[{"embeddable":true,"href":"https:\/\/palmira.gal\/en\/wp-json\/wp\/v2\/media\/989099"}],"wp:attachment":[{"href":"https:\/\/palmira.gal\/en\/wp-json\/wp\/v2\/media?parent=989097"}],"wp:term":[{"taxonomy":"product_brand","embeddable":true,"href":"https:\/\/palmira.gal\/en\/wp-json\/wp\/v2\/product_brand?post=989097"},{"taxonomy":"product_cat","embeddable":true,"href":"https:\/\/palmira.gal\/en\/wp-json\/wp\/v2\/product_cat?post=989097"},{"taxonomy":"product_tag","embeddable":true,"href":"https:\/\/palmira.gal\/en\/wp-json\/wp\/v2\/product_tag?post=989097"}],"curies":[{"name":"wp","href":"https:\/\/api.w.org\/{rel}","templated":true}]}}