{"id":989091,"date":"2025-12-12T16:40:10","date_gmt":"2025-12-12T15:40:10","guid":{"rendered":"https:\/\/palmira.gal\/product\/licor-cafe-palmira-pack-de-2-botellas\/"},"modified":"2026-04-13T19:32:59","modified_gmt":"2026-04-13T17:32:59","slug":"licor-cafe-palmira-pack-de-2-botellas","status":"publish","type":"product","link":"https:\/\/palmira.gal\/en\/product\/licor-cafe-palmira-pack-de-2-botellas\/","title":{"rendered":"Palmira Coffee Liqueur \u2013 Pack of 2 Bottles"},"content":{"rendered":"\t\t<div data-elementor-type=\"product-post\" data-elementor-id=\"989091\" class=\"elementor elementor-989091 elementor-988278\" data-elementor-post-type=\"product\">\n\t\t\t\t\t\t<section class=\"elementor-section elementor-top-section elementor-element elementor-element-a31d5c4 elementor-section-boxed elementor-section-height-default elementor-section-height-default\" data-id=\"a31d5c4\" data-element_type=\"section\">\n\t\t\t\t\t\t<div class=\"elementor-container elementor-column-gap-default\">\n\t\t\t\t\t<div class=\"elementor-column elementor-col-100 elementor-top-column elementor-element elementor-element-9166fcc\" data-id=\"9166fcc\" data-element_type=\"column\">\n\t\t\t<div class=\"elementor-widget-wrap elementor-element-populated\">\n\t\t\t\t\t\t<div class=\"elementor-element elementor-element-660f40e elementor-widget elementor-widget-text-editor\" data-id=\"660f40e\" data-element_type=\"widget\" data-widget_type=\"text-editor.default\">\n\t\t\t\t<div class=\"elementor-widget-container\">\n\t\t\t\t\t\t\t\t\t<p class=\"p1\"><span class=\"s1\"><b>Elaborado<\/b>: Berta Fontan Freijeiro<\/span><\/p><p class=\"p1\"><span class=\"s1\"><b>Zona<\/b>: Ourense<\/span><\/p><p class=\"p1\"><span class=\"s1\">Vol.-32% &#8211; 70cl<\/span><\/p>\t\t\t\t\t\t\t\t<\/div>\n\t\t\t\t<\/div>\n\t\t\t\t<div class=\"elementor-element elementor-element-3429f74 accordion-line elementor-widget elementor-widget-n-accordion\" data-id=\"3429f74\" data-element_type=\"widget\" data-settings=\"{&quot;default_state&quot;:&quot;expanded&quot;,&quot;max_items_expended&quot;:&quot;one&quot;,&quot;n_accordion_animation_duration&quot;:{&quot;unit&quot;:&quot;ms&quot;,&quot;size&quot;:400,&quot;sizes&quot;:[]}}\" data-widget_type=\"nested-accordion.default\">\n\t\t\t\t<div class=\"elementor-widget-container\">\n\t\t\t\t\t\t\t<div class=\"e-n-accordion\" aria-label=\"Accordion. Open links with Enter or Space, close with Escape, and navigate with Arrow Keys\">\n\t\t\t\t\t\t<details id=\"e-n-accordion-item-5460\" class=\"e-n-accordion-item\" open>\n\t\t\t\t<summary class=\"e-n-accordion-item-title\" data-accordion-index=\"1\" tabindex=\"0\" aria-expanded=\"true\" aria-controls=\"e-n-accordion-item-5460\" >\n\t\t\t\t\t<span class='e-n-accordion-item-title-header'><div class=\"e-n-accordion-item-title-text\"> PRODUCTION <\/div><\/span>\n\t\t\t\t\t\t\t<span class='e-n-accordion-item-title-icon'>\n\t\t\t<span class='e-opened' ><i aria-hidden=\"true\" class=\"fas fa-arrow-down\"><\/i><\/span>\n\t\t\t<span class='e-closed'><i aria-hidden=\"true\" class=\"fas fa-arrow-right\"><\/i><\/span>\n\t\t<\/span>\n\n\t\t\t\t\t\t<\/summary>\n\t\t\t\t<div role=\"region\" aria-labelledby=\"e-n-accordion-item-5460\" class=\"elementor-element elementor-element-f24abc6 e-con-full e-flex e-con e-child\" data-id=\"f24abc6\" data-element_type=\"container\">\n\t\t<div role=\"region\" aria-labelledby=\"e-n-accordion-item-5460\" class=\"elementor-element elementor-element-143c1b4 e-con-full e-flex e-con e-child\" data-id=\"143c1b4\" data-element_type=\"container\">\n\t\t\t\t<div class=\"elementor-element elementor-element-6c40348 elementor-widget elementor-widget-text-editor\" data-id=\"6c40348\" data-element_type=\"widget\" data-widget_type=\"text-editor.default\">\n\t\t\t\t<div class=\"elementor-widget-container\">\n\t\t\t\t\t\t\t\t\t<p data-start=\"0\" data-end=\"607\">The recipe that brings Palmira to life today is a family legacy, passed down from generation to generation, perfected with dedication and a love for tradition. Palmira is not just a liqueur; it is an experience that connects past, present, and future in every sip. Each bottle of Palmira is carefully crafted with three essential ingredients that capture the essence of Galicia: high-quality coffee, slowly infused to extract its distinctive aroma and body; naturally sourced aguardiente, which provides the perfect balance; and sugar in just the right proportion to create a harmonious and authentic blend.<\/p><p data-start=\"609\" data-end=\"921\" data-is-last-node=\"\" data-is-only-node=\"\">At Palmira, we care not only about what\u2019s inside, but also about the impact we have on the world. That\u2019s why every bottle and its stopper are made from recycled materials. The small imperfections in the packaging are not flaws, but a testament to our commitment to sustainability and respect for the environment.<\/p>\t\t\t\t\t\t\t\t<\/div>\n\t\t\t\t<\/div>\n\t\t\t\t<\/div>\n\t\t\t\t<\/div>\n\t\t\t\t\t<\/details>\n\t\t\t\t\t\t<details id=\"e-n-accordion-item-5461\" class=\"e-n-accordion-item\" >\n\t\t\t\t<summary class=\"e-n-accordion-item-title\" data-accordion-index=\"2\" tabindex=\"-1\" aria-expanded=\"false\" aria-controls=\"e-n-accordion-item-5461\" >\n\t\t\t\t\t<span class='e-n-accordion-item-title-header'><div class=\"e-n-accordion-item-title-text\"> Bottle <\/div><\/span>\n\t\t\t\t\t\t\t<span class='e-n-accordion-item-title-icon'>\n\t\t\t<span class='e-opened' ><i aria-hidden=\"true\" class=\"fas fa-arrow-down\"><\/i><\/span>\n\t\t\t<span class='e-closed'><i aria-hidden=\"true\" class=\"fas fa-arrow-right\"><\/i><\/span>\n\t\t<\/span>\n\n\t\t\t\t\t\t<\/summary>\n\t\t\t\t<div role=\"region\" aria-labelledby=\"e-n-accordion-item-5461\" class=\"elementor-element elementor-element-580f67f e-con-full e-flex e-con e-child\" data-id=\"580f67f\" data-element_type=\"container\">\n\t\t<div role=\"region\" aria-labelledby=\"e-n-accordion-item-5461\" class=\"elementor-element elementor-element-9ded137 e-con-full e-flex e-con e-child\" data-id=\"9ded137\" data-element_type=\"container\">\n\t\t\t\t<div class=\"elementor-element elementor-element-b3365aa elementor-widget elementor-widget-text-editor\" data-id=\"b3365aa\" data-element_type=\"widget\" data-widget_type=\"text-editor.default\">\n\t\t\t\t<div class=\"elementor-widget-container\">\n\t\t\t\t\t\t\t\t\t<p data-start=\"0\" data-end=\"345\">Palmira is presented in this bottle made entirely from post-consumer recycled glass that has lived many lives. Each bottle is crafted from glass that once formed part of other bottles, windows, or everyday glass objects, returning to the furnace to begin a new life. No additional colorants are used, ensuring a natural and authentic appearance.<\/p><p data-start=\"347\" data-end=\"630\" data-is-last-node=\"\" data-is-only-node=\"\">This bottle embraces imperfections as a mark of authenticity. These natural flaws are the result of its production process and make each bottle unique, reducing waste by eliminating the need for perfect molds. Every bottle tells its own story, creating a truly one-of-a-kind product.<\/p>\t\t\t\t\t\t\t\t<\/div>\n\t\t\t\t<\/div>\n\t\t\t\t<\/div>\n\t\t\t\t<\/div>\n\t\t\t\t\t<\/details>\n\t\t\t\t\t\t<details id=\"e-n-accordion-item-5462\" class=\"e-n-accordion-item\" >\n\t\t\t\t<summary class=\"e-n-accordion-item-title\" data-accordion-index=\"3\" tabindex=\"-1\" aria-expanded=\"false\" aria-controls=\"e-n-accordion-item-5462\" >\n\t\t\t\t\t<span class='e-n-accordion-item-title-header'><div class=\"e-n-accordion-item-title-text\"> CORK <\/div><\/span>\n\t\t\t\t\t\t\t<span class='e-n-accordion-item-title-icon'>\n\t\t\t<span class='e-opened' ><i aria-hidden=\"true\" class=\"fas fa-arrow-down\"><\/i><\/span>\n\t\t\t<span class='e-closed'><i aria-hidden=\"true\" class=\"fas fa-arrow-right\"><\/i><\/span>\n\t\t<\/span>\n\n\t\t\t\t\t\t<\/summary>\n\t\t\t\t<div role=\"region\" aria-labelledby=\"e-n-accordion-item-5462\" class=\"elementor-element elementor-element-425969a e-con-full e-flex e-con e-child\" data-id=\"425969a\" data-element_type=\"container\">\n\t\t<div role=\"region\" aria-labelledby=\"e-n-accordion-item-5462\" class=\"elementor-element elementor-element-0daeb90 e-con-full e-flex e-con e-child\" data-id=\"0daeb90\" data-element_type=\"container\">\n\t\t\t\t<div class=\"elementor-element elementor-element-6b7ec2c elementor-widget__width-initial elementor-widget elementor-widget-text-editor\" data-id=\"6b7ec2c\" data-element_type=\"widget\" data-widget_type=\"text-editor.default\">\n\t\t\t\t<div class=\"elementor-widget-container\">\n\t\t\t\t\t\t\t\t\t<section class=\"text-token-text-primary w-full focus:outline-none [--shadow-height:45px] has-data-writing-block:pointer-events-none has-data-writing-block:-mt-(--shadow-height) has-data-writing-block:pt-(--shadow-height) [&amp;:has([data-writing-block])&gt;*]:pointer-events-auto scroll-mt-(--header-height)\" dir=\"auto\" data-turn-id=\"ced9dc3f-bf5c-4310-9d97-3db7aedfdcc3\" data-testid=\"conversation-turn-37\" data-scroll-anchor=\"false\" data-turn=\"user\"><div class=\"text-base my-auto mx-auto pt-12 [--thread-content-margin:var(--thread-content-margin-xs,calc(var(--spacing)*4))] @w-sm\/main:[--thread-content-margin:var(--thread-content-margin-sm,calc(var(--spacing)*6))] @w-lg\/main:[--thread-content-margin:var(--thread-content-margin-lg,calc(var(--spacing)*16))] px-(--thread-content-margin)\"><div class=\"[--thread-content-max-width:40rem] @w-lg\/main:[--thread-content-max-width:48rem] mx-auto max-w-(--thread-content-max-width) flex-1 group\/turn-messages focus-visible:outline-hidden relative flex w-full min-w-0 flex-col\"><div class=\"flex max-w-full flex-col gap-4 grow\"><div class=\"min-h-8 text-message relative flex w-full flex-col items-end gap-2 text-start break-words whitespace-normal outline-none keyboard-focused:focus-ring [.text-message+&amp;]:mt-1\" dir=\"auto\" data-message-author-role=\"user\" data-message-id=\"ced9dc3f-bf5c-4310-9d97-3db7aedfdcc3\"><div class=\"flex w-full flex-col gap-1 empty:hidden items-end rtl:items-start\"><div class=\"user-message-bubble-color corner-superellipse\/0.98 relative rounded-[22px] px-4 py-2.5 leading-6 max-w-(--user-chat-width,70%)\"><div class=\"whitespace-pre-wrap\">\u00a0<\/div><\/div><\/div><\/div><\/div><div class=\"z-0 flex justify-end\">\u00a0<\/div><\/div><\/div><\/section><section class=\"text-token-text-primary w-full focus:outline-none [--shadow-height:45px] has-data-writing-block:pointer-events-none has-data-writing-block:-mt-(--shadow-height) has-data-writing-block:pt-(--shadow-height) [&amp;:has([data-writing-block])&gt;*]:pointer-events-auto scroll-mt-[calc(var(--header-height)+min(200px,max(70px,20svh)))]\" dir=\"auto\" data-turn-id=\"request-WEB:5c0108cb-b877-4125-8a5f-294ae2999de1-18\" data-testid=\"conversation-turn-38\" data-scroll-anchor=\"false\" data-turn=\"assistant\"><div class=\"text-base my-auto mx-auto [--thread-content-margin:var(--thread-content-margin-xs,calc(var(--spacing)*4))] @w-sm\/main:[--thread-content-margin:var(--thread-content-margin-sm,calc(var(--spacing)*6))] @w-lg\/main:[--thread-content-margin:var(--thread-content-margin-lg,calc(var(--spacing)*16))] px-(--thread-content-margin)\"><div class=\"[--thread-content-max-width:40rem] @w-lg\/main:[--thread-content-max-width:48rem] mx-auto max-w-(--thread-content-max-width) flex-1 group\/turn-messages focus-visible:outline-hidden relative flex w-full min-w-0 flex-col agent-turn\"><div class=\"flex max-w-full flex-col gap-4 grow\"><div class=\"min-h-8 text-message relative flex w-full flex-col items-end gap-2 text-start break-words whitespace-normal outline-none keyboard-focused:focus-ring [.text-message+&amp;]:mt-1\" dir=\"auto\" data-message-author-role=\"assistant\" data-message-id=\"37117d0d-0bb6-4c3b-ae18-92b60090c2c0\" data-message-model-slug=\"gpt-5-3\"><div class=\"flex w-full flex-col gap-1 empty:hidden\"><div class=\"markdown prose dark:prose-invert w-full wrap-break-word light markdown-new-styling\"><p data-start=\"0\" data-end=\"334\">At Palmira, every detail matters. Our commitment to sustainability and respect for the environment is as strong as the flavor of our coffee liqueur. That\u2019s why we use a stopper made from a combination of cork and activated carbon, which reduces industrial processes and carbon footprint, while also improving organoleptic performance.<\/p><p data-start=\"336\" data-end=\"573\" data-is-last-node=\"\" data-is-only-node=\"\">In terms of sustainability, it reduces waste and raw material residues without sacrificing quality, as the industrial processes for washing cork are minimized and no chemical bleaches are used. As a result, its carbon footprint is lower.<\/p><\/div><\/div><\/div><\/div><\/div><\/div><\/section>\t\t\t\t\t\t\t\t<\/div>\n\t\t\t\t<\/div>\n\t\t\t\t<\/div>\n\t\t\t\t<\/div>\n\t\t\t\t\t<\/details>\n\t\t\t\t\t<\/div>\n\t\t\t\t\t\t<\/div>\n\t\t\t\t<\/div>\n\t\t\t\t\t<\/div>\n\t\t<\/div>\n\t\t\t\t\t<\/div>\n\t\t<\/section>\n\t\t\t\t<\/div>\n\t\t","protected":false},"excerpt":{"rendered":"<p>Palmira is a coffee liqueur born from a family legacy and a carefully crafted process. It combines high-quality coffee in slow infusion, natural aguardiente, and just the right sweetness for an authentic and well-balanced flavor.<\/p>\n","protected":false},"featured_media":989093,"template":"","meta":[],"product_brand":[],"product_cat":[70],"product_tag":[],"class_list":{"0":"post-989091","1":"product","2":"type-product","3":"status-publish","4":"has-post-thumbnail","6":"product_cat-licor","8":"first","9":"instock","10":"taxable","11":"shipping-taxable","12":"purchasable","13":"product-type-simple"},"yoast_head":"<!-- This site is optimized with the Yoast SEO plugin v27.3 - https:\/\/yoast.com\/product\/yoast-seo-wordpress\/ -->\n<title>Palmira | Licor Caf\u00e9<\/title>\n<meta name=\"description\" content=\"Pack de 2 botellas de Licor Caf\u00e9 Palmira artesanal galego. Elaborado con caf\u00e9 de alta calidade e augardente natural, produci\u00f3n limitada e sabor aut\u00e9ntico.\" \/>\n<meta name=\"robots\" content=\"index, follow, max-snippet:-1, max-image-preview:large, max-video-preview:-1\" \/>\n<link rel=\"canonical\" href=\"https:\/\/palmira.gal\/en\/product\/licor-cafe-palmira-pack-de-2-botellas\/\" \/>\n<meta property=\"og:locale\" content=\"en_US\" \/>\n<meta property=\"og:type\" content=\"article\" \/>\n<meta property=\"og:title\" content=\"Palmira | Licor Caf\u00e9\" \/>\n<meta property=\"og:description\" content=\"Pack de 2 botellas de Licor Caf\u00e9 Palmira artesanal galego. Elaborado con caf\u00e9 de alta calidade e augardente natural, produci\u00f3n limitada e sabor aut\u00e9ntico.\" \/>\n<meta property=\"og:url\" content=\"https:\/\/palmira.gal\/en\/product\/licor-cafe-palmira-pack-de-2-botellas\/\" \/>\n<meta property=\"og:site_name\" content=\"Palmira\" \/>\n<meta property=\"article:modified_time\" content=\"2026-04-13T17:32:59+00:00\" \/>\n<meta property=\"og:image\" content=\"https:\/\/palmira.gal\/wp-content\/uploads\/2025\/12\/PALMIRA_A_012-1-1024x683.jpg\" \/>\n<meta name=\"twitter:card\" content=\"summary_large_image\" \/>\n<script type=\"application\/ld+json\" class=\"yoast-schema-graph\">{\"@context\":\"https:\\\/\\\/schema.org\",\"@graph\":[{\"@type\":\"WebPage\",\"@id\":\"https:\\\/\\\/palmira.gal\\\/en\\\/product\\\/licor-cafe-palmira-pack-de-2-botellas\\\/\",\"url\":\"https:\\\/\\\/palmira.gal\\\/en\\\/product\\\/licor-cafe-palmira-pack-de-2-botellas\\\/\",\"name\":\"Palmira | Licor Caf\u00e9\",\"isPartOf\":{\"@id\":\"https:\\\/\\\/palmira.gal\\\/#website\"},\"primaryImageOfPage\":{\"@id\":\"https:\\\/\\\/palmira.gal\\\/en\\\/product\\\/licor-cafe-palmira-pack-de-2-botellas\\\/#primaryimage\"},\"image\":{\"@id\":\"https:\\\/\\\/palmira.gal\\\/en\\\/product\\\/licor-cafe-palmira-pack-de-2-botellas\\\/#primaryimage\"},\"thumbnailUrl\":\"https:\\\/\\\/palmira.gal\\\/wp-content\\\/uploads\\\/2025\\\/12\\\/PALMIRA_A_012-2-scaled.jpg\",\"datePublished\":\"2025-12-12T15:40:10+00:00\",\"dateModified\":\"2026-04-13T17:32:59+00:00\",\"description\":\"Pack de 2 botellas de Licor Caf\u00e9 Palmira artesanal galego. Elaborado con caf\u00e9 de alta calidade e augardente natural, produci\u00f3n limitada e sabor aut\u00e9ntico.\",\"breadcrumb\":{\"@id\":\"https:\\\/\\\/palmira.gal\\\/en\\\/product\\\/licor-cafe-palmira-pack-de-2-botellas\\\/#breadcrumb\"},\"inLanguage\":\"en-US\",\"potentialAction\":[{\"@type\":\"ReadAction\",\"target\":[\"https:\\\/\\\/palmira.gal\\\/en\\\/product\\\/licor-cafe-palmira-pack-de-2-botellas\\\/\"]}]},{\"@type\":\"ImageObject\",\"inLanguage\":\"en-US\",\"@id\":\"https:\\\/\\\/palmira.gal\\\/en\\\/product\\\/licor-cafe-palmira-pack-de-2-botellas\\\/#primaryimage\",\"url\":\"https:\\\/\\\/palmira.gal\\\/wp-content\\\/uploads\\\/2025\\\/12\\\/PALMIRA_A_012-2-scaled.jpg\",\"contentUrl\":\"https:\\\/\\\/palmira.gal\\\/wp-content\\\/uploads\\\/2025\\\/12\\\/PALMIRA_A_012-2-scaled.jpg\",\"width\":2560,\"height\":1707},{\"@type\":\"BreadcrumbList\",\"@id\":\"https:\\\/\\\/palmira.gal\\\/en\\\/product\\\/licor-cafe-palmira-pack-de-2-botellas\\\/#breadcrumb\",\"itemListElement\":[{\"@type\":\"ListItem\",\"position\":1,\"name\":\"Inicio\",\"item\":\"https:\\\/\\\/palmira.gal\\\/es\\\/\"},{\"@type\":\"ListItem\",\"position\":2,\"name\":\"Shop\",\"item\":\"https:\\\/\\\/palmira.gal\\\/en\\\/shop\\\/\"},{\"@type\":\"ListItem\",\"position\":3,\"name\":\"Palmira Coffee Liqueur \u2013 Pack of 2 Bottles\"}]},{\"@type\":\"WebSite\",\"@id\":\"https:\\\/\\\/palmira.gal\\\/#website\",\"url\":\"https:\\\/\\\/palmira.gal\\\/\",\"name\":\"Palmira\",\"description\":\"Licor Caf\u00e9\",\"potentialAction\":[{\"@type\":\"SearchAction\",\"target\":{\"@type\":\"EntryPoint\",\"urlTemplate\":\"https:\\\/\\\/palmira.gal\\\/?s={search_term_string}\"},\"query-input\":{\"@type\":\"PropertyValueSpecification\",\"valueRequired\":true,\"valueName\":\"search_term_string\"}}],\"inLanguage\":\"en-US\"}]}<\/script>\n<!-- \/ Yoast SEO plugin. -->","yoast_head_json":{"title":"Palmira | Licor Caf\u00e9","description":"Pack de 2 botellas de Licor Caf\u00e9 Palmira artesanal galego. Elaborado con caf\u00e9 de alta calidade e augardente natural, produci\u00f3n limitada e sabor aut\u00e9ntico.","robots":{"index":"index","follow":"follow","max-snippet":"max-snippet:-1","max-image-preview":"max-image-preview:large","max-video-preview":"max-video-preview:-1"},"canonical":"https:\/\/palmira.gal\/en\/product\/licor-cafe-palmira-pack-de-2-botellas\/","og_locale":"en_US","og_type":"article","og_title":"Palmira | Licor Caf\u00e9","og_description":"Pack de 2 botellas de Licor Caf\u00e9 Palmira artesanal galego. Elaborado con caf\u00e9 de alta calidade e augardente natural, produci\u00f3n limitada e sabor aut\u00e9ntico.","og_url":"https:\/\/palmira.gal\/en\/product\/licor-cafe-palmira-pack-de-2-botellas\/","og_site_name":"Palmira","article_modified_time":"2026-04-13T17:32:59+00:00","og_image":[{"url":"https:\/\/palmira.gal\/wp-content\/uploads\/2025\/12\/PALMIRA_A_012-1-1024x683.jpg","type":"","width":"","height":""}],"twitter_card":"summary_large_image","schema":{"@context":"https:\/\/schema.org","@graph":[{"@type":"WebPage","@id":"https:\/\/palmira.gal\/en\/product\/licor-cafe-palmira-pack-de-2-botellas\/","url":"https:\/\/palmira.gal\/en\/product\/licor-cafe-palmira-pack-de-2-botellas\/","name":"Palmira | Licor Caf\u00e9","isPartOf":{"@id":"https:\/\/palmira.gal\/#website"},"primaryImageOfPage":{"@id":"https:\/\/palmira.gal\/en\/product\/licor-cafe-palmira-pack-de-2-botellas\/#primaryimage"},"image":{"@id":"https:\/\/palmira.gal\/en\/product\/licor-cafe-palmira-pack-de-2-botellas\/#primaryimage"},"thumbnailUrl":"https:\/\/palmira.gal\/wp-content\/uploads\/2025\/12\/PALMIRA_A_012-2-scaled.jpg","datePublished":"2025-12-12T15:40:10+00:00","dateModified":"2026-04-13T17:32:59+00:00","description":"Pack de 2 botellas de Licor Caf\u00e9 Palmira artesanal galego. Elaborado con caf\u00e9 de alta calidade e augardente natural, produci\u00f3n limitada e sabor aut\u00e9ntico.","breadcrumb":{"@id":"https:\/\/palmira.gal\/en\/product\/licor-cafe-palmira-pack-de-2-botellas\/#breadcrumb"},"inLanguage":"en-US","potentialAction":[{"@type":"ReadAction","target":["https:\/\/palmira.gal\/en\/product\/licor-cafe-palmira-pack-de-2-botellas\/"]}]},{"@type":"ImageObject","inLanguage":"en-US","@id":"https:\/\/palmira.gal\/en\/product\/licor-cafe-palmira-pack-de-2-botellas\/#primaryimage","url":"https:\/\/palmira.gal\/wp-content\/uploads\/2025\/12\/PALMIRA_A_012-2-scaled.jpg","contentUrl":"https:\/\/palmira.gal\/wp-content\/uploads\/2025\/12\/PALMIRA_A_012-2-scaled.jpg","width":2560,"height":1707},{"@type":"BreadcrumbList","@id":"https:\/\/palmira.gal\/en\/product\/licor-cafe-palmira-pack-de-2-botellas\/#breadcrumb","itemListElement":[{"@type":"ListItem","position":1,"name":"Inicio","item":"https:\/\/palmira.gal\/es\/"},{"@type":"ListItem","position":2,"name":"Shop","item":"https:\/\/palmira.gal\/en\/shop\/"},{"@type":"ListItem","position":3,"name":"Palmira Coffee Liqueur \u2013 Pack of 2 Bottles"}]},{"@type":"WebSite","@id":"https:\/\/palmira.gal\/#website","url":"https:\/\/palmira.gal\/","name":"Palmira","description":"Licor Caf\u00e9","potentialAction":[{"@type":"SearchAction","target":{"@type":"EntryPoint","urlTemplate":"https:\/\/palmira.gal\/?s={search_term_string}"},"query-input":{"@type":"PropertyValueSpecification","valueRequired":true,"valueName":"search_term_string"}}],"inLanguage":"en-US"}]}},"_links":{"self":[{"href":"https:\/\/palmira.gal\/en\/wp-json\/wp\/v2\/product\/989091","targetHints":{"allow":["GET"]}}],"collection":[{"href":"https:\/\/palmira.gal\/en\/wp-json\/wp\/v2\/product"}],"about":[{"href":"https:\/\/palmira.gal\/en\/wp-json\/wp\/v2\/types\/product"}],"version-history":[{"count":5,"href":"https:\/\/palmira.gal\/en\/wp-json\/wp\/v2\/product\/989091\/revisions"}],"predecessor-version":[{"id":989203,"href":"https:\/\/palmira.gal\/en\/wp-json\/wp\/v2\/product\/989091\/revisions\/989203"}],"wp:featuredmedia":[{"embeddable":true,"href":"https:\/\/palmira.gal\/en\/wp-json\/wp\/v2\/media\/989093"}],"wp:attachment":[{"href":"https:\/\/palmira.gal\/en\/wp-json\/wp\/v2\/media?parent=989091"}],"wp:term":[{"taxonomy":"product_brand","embeddable":true,"href":"https:\/\/palmira.gal\/en\/wp-json\/wp\/v2\/product_brand?post=989091"},{"taxonomy":"product_cat","embeddable":true,"href":"https:\/\/palmira.gal\/en\/wp-json\/wp\/v2\/product_cat?post=989091"},{"taxonomy":"product_tag","embeddable":true,"href":"https:\/\/palmira.gal\/en\/wp-json\/wp\/v2\/product_tag?post=989091"}],"curies":[{"name":"wp","href":"https:\/\/api.w.org\/{rel}","templated":true}]}}