{"id":989085,"date":"2025-12-18T23:11:00","date_gmt":"2025-12-18T22:11:00","guid":{"rendered":"https:\/\/palmira.gal\/product\/licor-cafe-palmira\/"},"modified":"2026-04-13T19:28:37","modified_gmt":"2026-04-13T17:28:37","slug":"licor-cafe-palmira","status":"publish","type":"product","link":"https:\/\/palmira.gal\/en\/product\/licor-cafe-palmira\/","title":{"rendered":"Palmira Coffee Liqueur \u2013 1 Bottle"},"content":{"rendered":"\t\t<div data-elementor-type=\"product-post\" data-elementor-id=\"989085\" class=\"elementor elementor-989085 elementor-1822\" data-elementor-post-type=\"product\">\n\t\t\t\t\t\t<section class=\"elementor-section elementor-top-section elementor-element elementor-element-416d034 elementor-section-boxed elementor-section-height-default elementor-section-height-default\" data-id=\"416d034\" data-element_type=\"section\">\n\t\t\t\t\t\t<div class=\"elementor-container elementor-column-gap-default\">\n\t\t\t\t\t<div class=\"elementor-column elementor-col-100 elementor-top-column elementor-element elementor-element-d8eceae\" data-id=\"d8eceae\" data-element_type=\"column\">\n\t\t\t<div class=\"elementor-widget-wrap elementor-element-populated\">\n\t\t\t\t\t\t<div class=\"elementor-element elementor-element-0eb1e37 elementor-widget elementor-widget-text-editor\" data-id=\"0eb1e37\" data-element_type=\"widget\" data-widget_type=\"text-editor.default\">\n\t\t\t\t<div class=\"elementor-widget-container\">\n\t\t\t\t\t\t\t\t\t<p class=\"p1\"><strong>Crafted by:<\/strong> Berta Font\u00e1n Freijeiro<\/p><p class=\"p1\"><strong>Region:<\/strong> Ourense<\/p><p class=\"p1\"><strong>ABV:<\/strong> 32% \u2013 70 cl<\/p>\t\t\t\t\t\t\t\t<\/div>\n\t\t\t\t<\/div>\n\t\t\t\t<div class=\"elementor-element elementor-element-30929db accordion-line elementor-widget elementor-widget-n-accordion\" data-id=\"30929db\" data-element_type=\"widget\" data-settings=\"{&quot;default_state&quot;:&quot;expanded&quot;,&quot;max_items_expended&quot;:&quot;one&quot;,&quot;n_accordion_animation_duration&quot;:{&quot;unit&quot;:&quot;ms&quot;,&quot;size&quot;:400,&quot;sizes&quot;:[]}}\" data-widget_type=\"nested-accordion.default\">\n\t\t\t\t<div class=\"elementor-widget-container\">\n\t\t\t\t\t\t\t<div class=\"e-n-accordion\" aria-label=\"Accordion. Open links with Enter or Space, close with Escape, and navigate with Arrow Keys\">\n\t\t\t\t\t\t<details id=\"e-n-accordion-item-5090\" class=\"e-n-accordion-item\" open>\n\t\t\t\t<summary class=\"e-n-accordion-item-title\" data-accordion-index=\"1\" tabindex=\"0\" aria-expanded=\"true\" aria-controls=\"e-n-accordion-item-5090\" >\n\t\t\t\t\t<span class='e-n-accordion-item-title-header'><div class=\"e-n-accordion-item-title-text\"> PRODUCTION <\/div><\/span>\n\t\t\t\t\t\t\t<span class='e-n-accordion-item-title-icon'>\n\t\t\t<span class='e-opened' ><i aria-hidden=\"true\" class=\"fas fa-arrow-down\"><\/i><\/span>\n\t\t\t<span class='e-closed'><i aria-hidden=\"true\" class=\"fas fa-arrow-right\"><\/i><\/span>\n\t\t<\/span>\n\n\t\t\t\t\t\t<\/summary>\n\t\t\t\t<div role=\"region\" aria-labelledby=\"e-n-accordion-item-5090\" class=\"elementor-element elementor-element-689f3c4 e-con-full e-flex e-con e-child\" data-id=\"689f3c4\" data-element_type=\"container\">\n\t\t<div role=\"region\" aria-labelledby=\"e-n-accordion-item-5090\" class=\"elementor-element elementor-element-ea32d31 e-con-full e-flex e-con e-child\" data-id=\"ea32d31\" data-element_type=\"container\">\n\t\t\t\t<div class=\"elementor-element elementor-element-3d90eb2 elementor-widget elementor-widget-text-editor\" data-id=\"3d90eb2\" data-element_type=\"widget\" data-widget_type=\"text-editor.default\">\n\t\t\t\t<div class=\"elementor-widget-container\">\n\t\t\t\t\t\t\t\t\t<p data-start=\"0\" data-end=\"607\">The recipe that brings Palmira to life today is a family legacy, passed down from generation to generation, perfected with dedication and a love for tradition. Palmira is not just a liqueur; it is an experience that connects past, present, and future in every sip. Each bottle of Palmira is carefully crafted with three essential ingredients that capture the essence of Galicia: high-quality coffee, slowly infused to extract its distinctive aroma and body; naturally sourced aguardiente, which provides the perfect balance; and sugar in just the right proportion to create a harmonious and authentic blend.<\/p><p data-start=\"609\" data-end=\"921\" data-is-last-node=\"\" data-is-only-node=\"\">At Palmira, we care not only about what\u2019s inside, but also about the impact we have on the world. That\u2019s why every bottle and its stopper are made from recycled materials. The small imperfections in the packaging are not flaws, but a testament to our commitment to sustainability and respect for the environment.<\/p>\t\t\t\t\t\t\t\t<\/div>\n\t\t\t\t<\/div>\n\t\t\t\t<\/div>\n\t\t\t\t<\/div>\n\t\t\t\t\t<\/details>\n\t\t\t\t\t\t<details id=\"e-n-accordion-item-5091\" class=\"e-n-accordion-item\" >\n\t\t\t\t<summary class=\"e-n-accordion-item-title\" data-accordion-index=\"2\" tabindex=\"-1\" aria-expanded=\"false\" aria-controls=\"e-n-accordion-item-5091\" >\n\t\t\t\t\t<span class='e-n-accordion-item-title-header'><div class=\"e-n-accordion-item-title-text\"> Bottle <\/div><\/span>\n\t\t\t\t\t\t\t<span class='e-n-accordion-item-title-icon'>\n\t\t\t<span class='e-opened' ><i aria-hidden=\"true\" class=\"fas fa-arrow-down\"><\/i><\/span>\n\t\t\t<span class='e-closed'><i aria-hidden=\"true\" class=\"fas fa-arrow-right\"><\/i><\/span>\n\t\t<\/span>\n\n\t\t\t\t\t\t<\/summary>\n\t\t\t\t<div role=\"region\" aria-labelledby=\"e-n-accordion-item-5091\" class=\"elementor-element elementor-element-e86078b e-con-full e-flex e-con e-child\" data-id=\"e86078b\" data-element_type=\"container\">\n\t\t<div role=\"region\" aria-labelledby=\"e-n-accordion-item-5091\" class=\"elementor-element elementor-element-6158609 e-con-full e-flex e-con e-child\" data-id=\"6158609\" data-element_type=\"container\">\n\t\t\t\t<div class=\"elementor-element elementor-element-ad8dcb1 elementor-widget elementor-widget-text-editor\" data-id=\"ad8dcb1\" data-element_type=\"widget\" data-widget_type=\"text-editor.default\">\n\t\t\t\t<div class=\"elementor-widget-container\">\n\t\t\t\t\t\t\t\t\t<p data-start=\"0\" data-end=\"345\">Palmira is presented in this bottle made entirely from post-consumer recycled glass that has lived many lives. Each bottle is crafted from glass that once formed part of other bottles, windows, or everyday glass objects, returning to the furnace to begin a new life. No additional colorants are used, ensuring a natural and authentic appearance.<\/p><p data-start=\"347\" data-end=\"630\" data-is-last-node=\"\" data-is-only-node=\"\">This bottle embraces imperfections as a mark of authenticity. These natural flaws are the result of its production process and make each bottle unique, reducing waste by eliminating the need for perfect molds. Every bottle tells its own story, creating a truly one-of-a-kind product.<\/p>\t\t\t\t\t\t\t\t<\/div>\n\t\t\t\t<\/div>\n\t\t\t\t<\/div>\n\t\t\t\t<\/div>\n\t\t\t\t\t<\/details>\n\t\t\t\t\t\t<details id=\"e-n-accordion-item-5092\" class=\"e-n-accordion-item\" >\n\t\t\t\t<summary class=\"e-n-accordion-item-title\" data-accordion-index=\"3\" tabindex=\"-1\" aria-expanded=\"false\" aria-controls=\"e-n-accordion-item-5092\" >\n\t\t\t\t\t<span class='e-n-accordion-item-title-header'><div class=\"e-n-accordion-item-title-text\"> CORK <\/div><\/span>\n\t\t\t\t\t\t\t<span class='e-n-accordion-item-title-icon'>\n\t\t\t<span class='e-opened' ><i aria-hidden=\"true\" class=\"fas fa-arrow-down\"><\/i><\/span>\n\t\t\t<span class='e-closed'><i aria-hidden=\"true\" class=\"fas fa-arrow-right\"><\/i><\/span>\n\t\t<\/span>\n\n\t\t\t\t\t\t<\/summary>\n\t\t\t\t<div role=\"region\" aria-labelledby=\"e-n-accordion-item-5092\" class=\"elementor-element elementor-element-0d92f69 e-con-full e-flex e-con e-child\" data-id=\"0d92f69\" data-element_type=\"container\">\n\t\t<div role=\"region\" aria-labelledby=\"e-n-accordion-item-5092\" class=\"elementor-element elementor-element-1ccfa69 e-con-full e-flex e-con e-child\" data-id=\"1ccfa69\" data-element_type=\"container\">\n\t\t\t\t<div class=\"elementor-element elementor-element-a233eb6 elementor-widget__width-initial elementor-widget elementor-widget-text-editor\" data-id=\"a233eb6\" data-element_type=\"widget\" data-widget_type=\"text-editor.default\">\n\t\t\t\t<div class=\"elementor-widget-container\">\n\t\t\t\t\t\t\t\t\t<p data-start=\"0\" data-end=\"334\">At Palmira, every detail matters. Our commitment to sustainability and respect for the environment is as strong as the flavor of our coffee liqueur. That\u2019s why we use a stopper made from a combination of cork and activated carbon, which reduces industrial processes and carbon footprint, while also improving organoleptic performance.<\/p><p data-start=\"336\" data-end=\"573\" data-is-last-node=\"\" data-is-only-node=\"\">In terms of sustainability, it reduces waste and raw material residues without sacrificing quality, as the industrial processes for washing cork are minimized and no chemical bleaches are used. As a result, its carbon footprint is lower.<\/p>\t\t\t\t\t\t\t\t<\/div>\n\t\t\t\t<\/div>\n\t\t\t\t<\/div>\n\t\t\t\t<\/div>\n\t\t\t\t\t<\/details>\n\t\t\t\t\t<\/div>\n\t\t\t\t\t\t<\/div>\n\t\t\t\t<\/div>\n\t\t\t\t\t<\/div>\n\t\t<\/div>\n\t\t\t\t\t<\/div>\n\t\t<\/section>\n\t\t\t\t<\/div>\n\t\t","protected":false},"excerpt":{"rendered":"<p>Palmira is a coffee liqueur born from a family legacy and a careful crafting process. It combines high-quality coffee in slow infusion, natural aguardiente, and just the right sweetness for an authentic and well-balanced flavor.<\/p>\n","protected":false},"featured_media":989087,"template":"","meta":[],"product_brand":[],"product_cat":[70],"product_tag":[],"class_list":{"0":"post-989085","1":"product","2":"type-product","3":"status-publish","4":"has-post-thumbnail","6":"product_cat-licor","8":"first","9":"instock","10":"taxable","11":"shipping-taxable","12":"purchasable","13":"product-type-simple"},"yoast_head":"<!-- This site is optimized with the Yoast SEO plugin v27.3 - https:\/\/yoast.com\/product\/yoast-seo-wordpress\/ -->\n<title>Palmira | Licor Caf\u00e9<\/title>\n<meta name=\"description\" content=\"Compra Licor Caf\u00e9 Palmira, elaborado artesanalmente en Galicia con caf\u00e9 de calidade, augardente natural e produci\u00f3n limitada. Autenticidade en cada botella.\" \/>\n<meta name=\"robots\" content=\"index, follow, max-snippet:-1, max-image-preview:large, max-video-preview:-1\" \/>\n<link rel=\"canonical\" href=\"https:\/\/palmira.gal\/en\/product\/licor-cafe-palmira\/\" \/>\n<meta property=\"og:locale\" content=\"en_US\" \/>\n<meta property=\"og:type\" content=\"article\" \/>\n<meta property=\"og:title\" content=\"Palmira | Licor Caf\u00e9\" \/>\n<meta property=\"og:description\" content=\"Compra Licor Caf\u00e9 Palmira, elaborado artesanalmente en Galicia con caf\u00e9 de calidade, augardente natural e produci\u00f3n limitada. Autenticidade en cada botella.\" \/>\n<meta property=\"og:url\" content=\"https:\/\/palmira.gal\/en\/product\/licor-cafe-palmira\/\" \/>\n<meta property=\"og:site_name\" content=\"Palmira\" \/>\n<meta property=\"article:modified_time\" content=\"2026-04-13T17:28:37+00:00\" \/>\n<meta property=\"og:image\" content=\"https:\/\/palmira.gal\/wp-content\/uploads\/2025\/12\/PALMIRA_A_021-scaled.jpg\" \/>\n\t<meta property=\"og:image:width\" content=\"2560\" \/>\n\t<meta property=\"og:image:height\" content=\"1706\" \/>\n\t<meta property=\"og:image:type\" content=\"image\/jpeg\" \/>\n<meta name=\"twitter:card\" content=\"summary_large_image\" \/>\n<script type=\"application\/ld+json\" class=\"yoast-schema-graph\">{\"@context\":\"https:\\\/\\\/schema.org\",\"@graph\":[{\"@type\":\"WebPage\",\"@id\":\"https:\\\/\\\/palmira.gal\\\/en\\\/product\\\/licor-cafe-palmira\\\/\",\"url\":\"https:\\\/\\\/palmira.gal\\\/en\\\/product\\\/licor-cafe-palmira\\\/\",\"name\":\"Palmira | Licor Caf\u00e9\",\"isPartOf\":{\"@id\":\"https:\\\/\\\/palmira.gal\\\/#website\"},\"primaryImageOfPage\":{\"@id\":\"https:\\\/\\\/palmira.gal\\\/en\\\/product\\\/licor-cafe-palmira\\\/#primaryimage\"},\"image\":{\"@id\":\"https:\\\/\\\/palmira.gal\\\/en\\\/product\\\/licor-cafe-palmira\\\/#primaryimage\"},\"thumbnailUrl\":\"https:\\\/\\\/palmira.gal\\\/wp-content\\\/uploads\\\/2025\\\/12\\\/PALMIRA_A_021-1-scaled.jpg\",\"datePublished\":\"2025-12-18T22:11:00+00:00\",\"dateModified\":\"2026-04-13T17:28:37+00:00\",\"description\":\"Compra Licor Caf\u00e9 Palmira, elaborado artesanalmente en Galicia con caf\u00e9 de calidade, augardente natural e produci\u00f3n limitada. Autenticidade en cada botella.\",\"breadcrumb\":{\"@id\":\"https:\\\/\\\/palmira.gal\\\/en\\\/product\\\/licor-cafe-palmira\\\/#breadcrumb\"},\"inLanguage\":\"en-US\",\"potentialAction\":[{\"@type\":\"ReadAction\",\"target\":[\"https:\\\/\\\/palmira.gal\\\/en\\\/product\\\/licor-cafe-palmira\\\/\"]}]},{\"@type\":\"ImageObject\",\"inLanguage\":\"en-US\",\"@id\":\"https:\\\/\\\/palmira.gal\\\/en\\\/product\\\/licor-cafe-palmira\\\/#primaryimage\",\"url\":\"https:\\\/\\\/palmira.gal\\\/wp-content\\\/uploads\\\/2025\\\/12\\\/PALMIRA_A_021-1-scaled.jpg\",\"contentUrl\":\"https:\\\/\\\/palmira.gal\\\/wp-content\\\/uploads\\\/2025\\\/12\\\/PALMIRA_A_021-1-scaled.jpg\",\"width\":2560,\"height\":1707},{\"@type\":\"BreadcrumbList\",\"@id\":\"https:\\\/\\\/palmira.gal\\\/en\\\/product\\\/licor-cafe-palmira\\\/#breadcrumb\",\"itemListElement\":[{\"@type\":\"ListItem\",\"position\":1,\"name\":\"Inicio\",\"item\":\"https:\\\/\\\/palmira.gal\\\/es\\\/\"},{\"@type\":\"ListItem\",\"position\":2,\"name\":\"Shop\",\"item\":\"https:\\\/\\\/palmira.gal\\\/en\\\/shop\\\/\"},{\"@type\":\"ListItem\",\"position\":3,\"name\":\"Palmira Coffee Liqueur \u2013 1 Bottle\"}]},{\"@type\":\"WebSite\",\"@id\":\"https:\\\/\\\/palmira.gal\\\/#website\",\"url\":\"https:\\\/\\\/palmira.gal\\\/\",\"name\":\"Palmira\",\"description\":\"Licor Caf\u00e9\",\"potentialAction\":[{\"@type\":\"SearchAction\",\"target\":{\"@type\":\"EntryPoint\",\"urlTemplate\":\"https:\\\/\\\/palmira.gal\\\/?s={search_term_string}\"},\"query-input\":{\"@type\":\"PropertyValueSpecification\",\"valueRequired\":true,\"valueName\":\"search_term_string\"}}],\"inLanguage\":\"en-US\"}]}<\/script>\n<!-- \/ Yoast SEO plugin. -->","yoast_head_json":{"title":"Palmira | Licor Caf\u00e9","description":"Compra Licor Caf\u00e9 Palmira, elaborado artesanalmente en Galicia con caf\u00e9 de calidade, augardente natural e produci\u00f3n limitada. Autenticidade en cada botella.","robots":{"index":"index","follow":"follow","max-snippet":"max-snippet:-1","max-image-preview":"max-image-preview:large","max-video-preview":"max-video-preview:-1"},"canonical":"https:\/\/palmira.gal\/en\/product\/licor-cafe-palmira\/","og_locale":"en_US","og_type":"article","og_title":"Palmira | Licor Caf\u00e9","og_description":"Compra Licor Caf\u00e9 Palmira, elaborado artesanalmente en Galicia con caf\u00e9 de calidade, augardente natural e produci\u00f3n limitada. Autenticidade en cada botella.","og_url":"https:\/\/palmira.gal\/en\/product\/licor-cafe-palmira\/","og_site_name":"Palmira","article_modified_time":"2026-04-13T17:28:37+00:00","og_image":[{"width":2560,"height":1706,"url":"https:\/\/palmira.gal\/wp-content\/uploads\/2025\/12\/PALMIRA_A_021-scaled.jpg","type":"image\/jpeg"}],"twitter_card":"summary_large_image","schema":{"@context":"https:\/\/schema.org","@graph":[{"@type":"WebPage","@id":"https:\/\/palmira.gal\/en\/product\/licor-cafe-palmira\/","url":"https:\/\/palmira.gal\/en\/product\/licor-cafe-palmira\/","name":"Palmira | Licor Caf\u00e9","isPartOf":{"@id":"https:\/\/palmira.gal\/#website"},"primaryImageOfPage":{"@id":"https:\/\/palmira.gal\/en\/product\/licor-cafe-palmira\/#primaryimage"},"image":{"@id":"https:\/\/palmira.gal\/en\/product\/licor-cafe-palmira\/#primaryimage"},"thumbnailUrl":"https:\/\/palmira.gal\/wp-content\/uploads\/2025\/12\/PALMIRA_A_021-1-scaled.jpg","datePublished":"2025-12-18T22:11:00+00:00","dateModified":"2026-04-13T17:28:37+00:00","description":"Compra Licor Caf\u00e9 Palmira, elaborado artesanalmente en Galicia con caf\u00e9 de calidade, augardente natural e produci\u00f3n limitada. Autenticidade en cada botella.","breadcrumb":{"@id":"https:\/\/palmira.gal\/en\/product\/licor-cafe-palmira\/#breadcrumb"},"inLanguage":"en-US","potentialAction":[{"@type":"ReadAction","target":["https:\/\/palmira.gal\/en\/product\/licor-cafe-palmira\/"]}]},{"@type":"ImageObject","inLanguage":"en-US","@id":"https:\/\/palmira.gal\/en\/product\/licor-cafe-palmira\/#primaryimage","url":"https:\/\/palmira.gal\/wp-content\/uploads\/2025\/12\/PALMIRA_A_021-1-scaled.jpg","contentUrl":"https:\/\/palmira.gal\/wp-content\/uploads\/2025\/12\/PALMIRA_A_021-1-scaled.jpg","width":2560,"height":1707},{"@type":"BreadcrumbList","@id":"https:\/\/palmira.gal\/en\/product\/licor-cafe-palmira\/#breadcrumb","itemListElement":[{"@type":"ListItem","position":1,"name":"Inicio","item":"https:\/\/palmira.gal\/es\/"},{"@type":"ListItem","position":2,"name":"Shop","item":"https:\/\/palmira.gal\/en\/shop\/"},{"@type":"ListItem","position":3,"name":"Palmira Coffee Liqueur \u2013 1 Bottle"}]},{"@type":"WebSite","@id":"https:\/\/palmira.gal\/#website","url":"https:\/\/palmira.gal\/","name":"Palmira","description":"Licor Caf\u00e9","potentialAction":[{"@type":"SearchAction","target":{"@type":"EntryPoint","urlTemplate":"https:\/\/palmira.gal\/?s={search_term_string}"},"query-input":{"@type":"PropertyValueSpecification","valueRequired":true,"valueName":"search_term_string"}}],"inLanguage":"en-US"}]}},"_links":{"self":[{"href":"https:\/\/palmira.gal\/en\/wp-json\/wp\/v2\/product\/989085","targetHints":{"allow":["GET"]}}],"collection":[{"href":"https:\/\/palmira.gal\/en\/wp-json\/wp\/v2\/product"}],"about":[{"href":"https:\/\/palmira.gal\/en\/wp-json\/wp\/v2\/types\/product"}],"version-history":[{"count":8,"href":"https:\/\/palmira.gal\/en\/wp-json\/wp\/v2\/product\/989085\/revisions"}],"predecessor-version":[{"id":989190,"href":"https:\/\/palmira.gal\/en\/wp-json\/wp\/v2\/product\/989085\/revisions\/989190"}],"wp:featuredmedia":[{"embeddable":true,"href":"https:\/\/palmira.gal\/en\/wp-json\/wp\/v2\/media\/989087"}],"wp:attachment":[{"href":"https:\/\/palmira.gal\/en\/wp-json\/wp\/v2\/media?parent=989085"}],"wp:term":[{"taxonomy":"product_brand","embeddable":true,"href":"https:\/\/palmira.gal\/en\/wp-json\/wp\/v2\/product_brand?post=989085"},{"taxonomy":"product_cat","embeddable":true,"href":"https:\/\/palmira.gal\/en\/wp-json\/wp\/v2\/product_cat?post=989085"},{"taxonomy":"product_tag","embeddable":true,"href":"https:\/\/palmira.gal\/en\/wp-json\/wp\/v2\/product_tag?post=989085"}],"curies":[{"name":"wp","href":"https:\/\/api.w.org\/{rel}","templated":true}]}}